{"id":193,"date":"2020-10-11T16:51:17","date_gmt":"2020-10-11T14:51:17","guid":{"rendered":"http:\/\/lifi.local\/?page_id=193"},"modified":"2024-11-26T08:38:53","modified_gmt":"2024-11-26T07:38:53","slug":"downloads","status":"publish","type":"page","link":"https:\/\/lindner-fischer.com\/de\/downloads\/","title":{"rendered":"Downloads"},"content":{"rendered":"\t\t<div data-elementor-type=\"wp-page\" data-elementor-id=\"193\" class=\"elementor elementor-193\" data-elementor-post-type=\"page\">\n\t\t\t\t\t\t<section class=\"elementor-section elementor-top-section elementor-element elementor-element-71c240a elementor-section-boxed elementor-section-height-default elementor-section-height-default\" data-id=\"71c240a\" data-element_type=\"section\">\n\t\t\t\t\t\t<div class=\"elementor-container elementor-column-gap-default\">\n\t\t\t\t\t<div class=\"elementor-column elementor-col-100 elementor-top-column elementor-element elementor-element-39acb19\" data-id=\"39acb19\" data-element_type=\"column\">\n\t\t\t<div class=\"elementor-widget-wrap elementor-element-populated\">\n\t\t\t\t\t\t<div class=\"elementor-element elementor-element-9b4b6be bdt-content-position--left elementor-widget elementor-widget-bdt-fancy-list\" data-id=\"9b4b6be\" data-element_type=\"widget\" data-widget_type=\"bdt-fancy-list.default\">\n\t\t\t\t<div class=\"elementor-widget-container\">\n\t\t\t\t\t        <div class=\"bdt-fancy-list bdt-fancy-list-style-1\">\n            <ul class=\"bdt-list bdt-fancy-list-group\" class=\"bdt-fancy-list-icon\">\n                                    <li>\n                        <a class=\"bdt-fancy-list-wrap\" href=\"\/wp-content\/uploads\/2020\/10\/AGB.pdf\">                        <div class=\"bdt-flex flex-wrap\">\n                                                                                        <div class=\"bdt-fancy-list-img\">\n                                    <img fetchpriority=\"high\" decoding=\"async\" width=\"640\" height=\"480\" src=\"https:\/\/lindner-fischer.com\/wp-content\/uploads\/2020\/10\/de.svg\" class=\"attachment-medium size-medium\" alt=\"Allgemeine Gesch\u00e4ftsbedingungen\" \/>                                <\/div>\n                                                        <div class=\"bdt-fancy-list-content\">\n                                <h4 class=\"bdt-fancy-list-title\">\n                                    Allgemeine Gesch\u00e4ftsbedingungen                                <\/h4>\n                                <p class=\"bdt-fancy-list-text\"> <\/p>\n                            <\/div>\n                                                            <div class=\"bdt-fancy-list-icon\">\n                                    <i aria-hidden=\"true\" class=\"fas fa-file-pdf\"><\/i>                                <\/div>\n                                                    <\/div>\n                                                    <\/a>\n                            <\/li>\n                    <li>\n                        <a class=\"bdt-fancy-list-wrap\" href=\"\/wp-content\/uploads\/2020\/10\/AEB_de.pdf\">                        <div class=\"bdt-flex flex-wrap\">\n                                                                                        <div class=\"bdt-fancy-list-img\">\n                                    <img decoding=\"async\" width=\"640\" height=\"480\" src=\"https:\/\/lindner-fischer.com\/wp-content\/uploads\/2020\/10\/de.svg\" class=\"attachment-medium size-medium\" alt=\"Allgemeine Einkaufsbedingungen\" \/>                                <\/div>\n                                                        <div class=\"bdt-fancy-list-content\">\n                                <h4 class=\"bdt-fancy-list-title\">\n                                    Allgemeine Einkaufsbedingungen                                <\/h4>\n                                <p class=\"bdt-fancy-list-text\"> <\/p>\n                            <\/div>\n                                                            <div class=\"bdt-fancy-list-icon\">\n                                    <i aria-hidden=\"true\" class=\"fas fa-file-pdf\"><\/i>                                <\/div>\n                                                    <\/div>\n                                                    <\/a>\n                            <\/li>\n                    <li>\n                        <a class=\"bdt-fancy-list-wrap\" href=\"https:\/\/lindner-fischer.com\/wp-content\/uploads\/2020\/10\/LF_code-of-conduct_2022.pdf\">                        <div class=\"bdt-flex flex-wrap\">\n                                                                                        <div class=\"bdt-fancy-list-img\">\n                                    <img decoding=\"async\" width=\"640\" height=\"480\" src=\"https:\/\/lindner-fischer.com\/wp-content\/uploads\/2020\/10\/de.svg\" class=\"attachment-medium size-medium\" alt=\"Code of conduct\" \/>                                <\/div>\n                                                        <div class=\"bdt-fancy-list-content\">\n                                <h4 class=\"bdt-fancy-list-title\">\n                                    Code of conduct                                <\/h4>\n                                <p class=\"bdt-fancy-list-text\"> <\/p>\n                            <\/div>\n                                                            <div class=\"bdt-fancy-list-icon\">\n                                    <i aria-hidden=\"true\" class=\"fas fa-file-pdf\"><\/i>                                <\/div>\n                                                    <\/div>\n                                                    <\/a>\n                            <\/li>\n                    <li>\n                        <a class=\"bdt-fancy-list-wrap\" href=\"https:\/\/lindner-fischer.com\/wp-content\/uploads\/2020\/10\/LF_Imagebroschuere_DE.pdf\">                        <div class=\"bdt-flex flex-wrap\">\n                                                                                        <div class=\"bdt-fancy-list-img\">\n                                    <img loading=\"lazy\" decoding=\"async\" width=\"640\" height=\"480\" src=\"https:\/\/lindner-fischer.com\/wp-content\/uploads\/2020\/10\/de.svg\" class=\"attachment-medium size-medium\" alt=\"Imagebrosch\u00fcre\" \/>                                <\/div>\n                                                        <div class=\"bdt-fancy-list-content\">\n                                <h4 class=\"bdt-fancy-list-title\">\n                                    Imagebrosch\u00fcre                                <\/h4>\n                                <p class=\"bdt-fancy-list-text\"> <\/p>\n                            <\/div>\n                                                            <div class=\"bdt-fancy-list-icon\">\n                                    <i aria-hidden=\"true\" class=\"fas fa-file-pdf\"><\/i>                                <\/div>\n                                                    <\/div>\n                                                    <\/a>\n                            <\/li>\n                    <li>\n                        <a class=\"bdt-fancy-list-wrap\" href=\"https:\/\/lindner-fischer.com\/wp-content\/uploads\/2020\/10\/LF_image-brochure_EN.pdf\">                        <div class=\"bdt-flex flex-wrap\">\n                                                                                        <div class=\"bdt-fancy-list-img\">\n                                    <img loading=\"lazy\" decoding=\"async\" width=\"640\" height=\"480\" src=\"https:\/\/lindner-fischer.com\/wp-content\/uploads\/2020\/10\/gb.svg\" class=\"attachment-medium size-medium\" alt=\"Image brochure\" \/>                                <\/div>\n                                                        <div class=\"bdt-fancy-list-content\">\n                                <h4 class=\"bdt-fancy-list-title\">\n                                    Image brochure                                <\/h4>\n                                <p class=\"bdt-fancy-list-text\"> <\/p>\n                            <\/div>\n                                                            <div class=\"bdt-fancy-list-icon\">\n                                    <i aria-hidden=\"true\" class=\"fas fa-file-pdf\"><\/i>                                <\/div>\n                                                    <\/div>\n                                                    <\/a>\n                            <\/li>\n                    <li>\n                        <a class=\"bdt-fancy-list-wrap\" href=\"\/wp-content\/uploads\/2020\/10\/Gesamtprogramm-Export-Fahrzeuge-Uebersee_en.pdf\">                        <div class=\"bdt-flex flex-wrap\">\n                                                                                        <div class=\"bdt-fancy-list-img\">\n                                    <img loading=\"lazy\" decoding=\"async\" width=\"640\" height=\"480\" src=\"https:\/\/lindner-fischer.com\/wp-content\/uploads\/2020\/10\/gb.svg\" class=\"attachment-medium size-medium\" alt=\"Complete range of export vehicles\" \/>                                <\/div>\n                                                        <div class=\"bdt-fancy-list-content\">\n                                <h4 class=\"bdt-fancy-list-title\">\n                                    Complete range of export vehicles                                <\/h4>\n                                <p class=\"bdt-fancy-list-text\"> <\/p>\n                            <\/div>\n                                                            <div class=\"bdt-fancy-list-icon\">\n                                    <i aria-hidden=\"true\" class=\"fas fa-file-pdf\"><\/i>                                <\/div>\n                                                    <\/div>\n                                                    <\/a>\n                            <\/li>\n                    <li>\n                        <a class=\"bdt-fancy-list-wrap\" href=\"\/wp-content\/uploads\/2020\/10\/Gesamtprogramm-Export-Fahrzeuge-Uebersee_fr.pdf\">                        <div class=\"bdt-flex flex-wrap\">\n                                                                                        <div class=\"bdt-fancy-list-img\">\n                                    <img loading=\"lazy\" decoding=\"async\" width=\"640\" height=\"480\" src=\"https:\/\/lindner-fischer.com\/wp-content\/uploads\/2020\/10\/fr.svg\" class=\"attachment-medium size-medium\" alt=\"Gamme compl\u00e8te de v\u00e9hicules d&#039;exportation\" \/>                                <\/div>\n                                                        <div class=\"bdt-fancy-list-content\">\n                                <h4 class=\"bdt-fancy-list-title\">\n                                    Gamme compl\u00e8te de v\u00e9hicules d'exportation                                <\/h4>\n                                <p class=\"bdt-fancy-list-text\"> <\/p>\n                            <\/div>\n                                                            <div class=\"bdt-fancy-list-icon\">\n                                    <i aria-hidden=\"true\" class=\"fas fa-file-pdf\"><\/i>                                <\/div>\n                                                    <\/div>\n                                                    <\/a>\n                            <\/li>\n                    <li>\n                        <a class=\"bdt-fancy-list-wrap\" href=\"https:\/\/lindner-fischer.com\/wp-content\/uploads\/2020\/10\/LF_Ethik-und-Verhaltensrichtlinie.pdf\">                        <div class=\"bdt-flex flex-wrap\">\n                                                                                        <div class=\"bdt-fancy-list-img\">\n                                    <img loading=\"lazy\" decoding=\"async\" width=\"640\" height=\"480\" src=\"https:\/\/lindner-fischer.com\/wp-content\/uploads\/2020\/10\/de.svg\" class=\"attachment-medium size-medium\" alt=\"Ethik- und Verhaltensrichtlinie f\u00fcr Mitarbeiter\" \/>                                <\/div>\n                                                        <div class=\"bdt-fancy-list-content\">\n                                <h4 class=\"bdt-fancy-list-title\">\n                                    Ethik- und Verhaltensrichtlinie f\u00fcr Mitarbeiter                                <\/h4>\n                                <p class=\"bdt-fancy-list-text\"> <\/p>\n                            <\/div>\n                                                            <div class=\"bdt-fancy-list-icon\">\n                                    <i aria-hidden=\"true\" class=\"fas fa-file-pdf\"><\/i>                                <\/div>\n                                                    <\/div>\n                                                    <\/a>\n                            <\/li>\n<\/ul>\n<\/div>\n\t\t\t\t<\/div>\n\t\t\t\t<\/div>\n\t\t\t\t\t<\/div>\n\t\t<\/div>\n\t\t\t\t\t<\/div>\n\t\t<\/section>\n\t\t\t\t<\/div>\n\t\t","protected":false},"excerpt":{"rendered":"<p>Allgemeine Gesch\u00e4ftsbedingungen Allgemeine Einkaufsbedingungen Code of conduct Imagebrosch\u00fcre Image brochure Complete range of export vehicles Gamme compl\u00e8te de v\u00e9hicules d&#8217;exportation Ethik- und Verhaltensrichtlinie f\u00fcr Mitarbeiter<\/p>\n","protected":false},"author":1,"featured_media":0,"parent":0,"menu_order":0,"comment_status":"closed","ping_status":"closed","template":"","meta":{"_acf_changed":false,"footnotes":""},"class_list":["post-193","page","type-page","status-publish","hentry","wpautop"],"acf":[],"yoast_head":"<!-- This site is optimized with the Yoast SEO plugin v25.7 - https:\/\/yoast.com\/wordpress\/plugins\/seo\/ -->\n<title>Downloads | Lindner Fischer<\/title>\n<meta name=\"robots\" content=\"index, follow, max-snippet:-1, max-image-preview:large, max-video-preview:-1\" \/>\n<link rel=\"canonical\" href=\"https:\/\/lindner-fischer.com\/de\/downloads\/\" \/>\n<meta property=\"og:locale\" content=\"de_DE\" \/>\n<meta property=\"og:type\" content=\"article\" \/>\n<meta property=\"og:title\" content=\"Downloads | Lindner Fischer\" \/>\n<meta property=\"og:description\" content=\"Allgemeine Gesch\u00e4ftsbedingungen Allgemeine Einkaufsbedingungen Code of conduct Imagebrosch\u00fcre Image brochure Complete range of export vehicles Gamme compl\u00e8te de v\u00e9hicules d&#8217;exportation Ethik- und Verhaltensrichtlinie f\u00fcr Mitarbeiter\" \/>\n<meta property=\"og:url\" content=\"https:\/\/lindner-fischer.com\/de\/downloads\/\" \/>\n<meta property=\"og:site_name\" content=\"Lindner Fischer\" \/>\n<meta property=\"article:modified_time\" content=\"2024-11-26T07:38:53+00:00\" \/>\n<meta property=\"og:image\" content=\"https:\/\/lindner-fischer.com\/wp-content\/uploads\/2020\/10\/de.svg\" \/>\n<meta name=\"twitter:card\" content=\"summary_large_image\" \/>\n<script type=\"application\/ld+json\" class=\"yoast-schema-graph\">{\"@context\":\"https:\/\/schema.org\",\"@graph\":[{\"@type\":\"WebPage\",\"@id\":\"https:\/\/lindner-fischer.com\/de\/downloads\/\",\"url\":\"https:\/\/lindner-fischer.com\/de\/downloads\/\",\"name\":\"Downloads | Lindner Fischer\",\"isPartOf\":{\"@id\":\"https:\/\/lindner-fischer.com\/de\/#website\"},\"primaryImageOfPage\":{\"@id\":\"https:\/\/lindner-fischer.com\/de\/downloads\/#primaryimage\"},\"image\":{\"@id\":\"https:\/\/lindner-fischer.com\/de\/downloads\/#primaryimage\"},\"thumbnailUrl\":\"https:\/\/lindner-fischer.com\/wp-content\/uploads\/2020\/10\/de.svg\",\"datePublished\":\"2020-10-11T14:51:17+00:00\",\"dateModified\":\"2024-11-26T07:38:53+00:00\",\"breadcrumb\":{\"@id\":\"https:\/\/lindner-fischer.com\/de\/downloads\/#breadcrumb\"},\"inLanguage\":\"de\",\"potentialAction\":[{\"@type\":\"ReadAction\",\"target\":[\"https:\/\/lindner-fischer.com\/de\/downloads\/\"]}]},{\"@type\":\"ImageObject\",\"inLanguage\":\"de\",\"@id\":\"https:\/\/lindner-fischer.com\/de\/downloads\/#primaryimage\",\"url\":\"https:\/\/lindner-fischer.com\/wp-content\/uploads\/2020\/10\/de.svg\",\"contentUrl\":\"https:\/\/lindner-fischer.com\/wp-content\/uploads\/2020\/10\/de.svg\"},{\"@type\":\"BreadcrumbList\",\"@id\":\"https:\/\/lindner-fischer.com\/de\/downloads\/#breadcrumb\",\"itemListElement\":[{\"@type\":\"ListItem\",\"position\":1,\"name\":\"Startseite\",\"item\":\"https:\/\/lindner-fischer.com\/de\/\"},{\"@type\":\"ListItem\",\"position\":2,\"name\":\"Downloads\"}]},{\"@type\":\"WebSite\",\"@id\":\"https:\/\/lindner-fischer.com\/de\/#website\",\"url\":\"https:\/\/lindner-fischer.com\/de\/\",\"name\":\"Lindner Fischer\",\"description\":\"\",\"publisher\":{\"@id\":\"https:\/\/lindner-fischer.com\/de\/#organization\"},\"potentialAction\":[{\"@type\":\"SearchAction\",\"target\":{\"@type\":\"EntryPoint\",\"urlTemplate\":\"https:\/\/lindner-fischer.com\/de\/?s={search_term_string}\"},\"query-input\":{\"@type\":\"PropertyValueSpecification\",\"valueRequired\":true,\"valueName\":\"search_term_string\"}}],\"inLanguage\":\"de\"},{\"@type\":\"Organization\",\"@id\":\"https:\/\/lindner-fischer.com\/de\/#organization\",\"name\":\"Lindner Fischer\",\"url\":\"https:\/\/lindner-fischer.com\/de\/\",\"logo\":{\"@type\":\"ImageObject\",\"inLanguage\":\"de\",\"@id\":\"https:\/\/lindner-fischer.com\/de\/#\/schema\/logo\/image\/\",\"url\":\"https:\/\/lindner-fischer.com\/wp-content\/uploads\/2020\/10\/Red.svg\",\"contentUrl\":\"https:\/\/lindner-fischer.com\/wp-content\/uploads\/2020\/10\/Red.svg\",\"width\":1001,\"height\":312,\"caption\":\"Lindner Fischer\"},\"image\":{\"@id\":\"https:\/\/lindner-fischer.com\/de\/#\/schema\/logo\/image\/\"}}]}<\/script>\n<!-- \/ Yoast SEO plugin. -->","yoast_head_json":{"title":"Downloads | Lindner Fischer","robots":{"index":"index","follow":"follow","max-snippet":"max-snippet:-1","max-image-preview":"max-image-preview:large","max-video-preview":"max-video-preview:-1"},"canonical":"https:\/\/lindner-fischer.com\/de\/downloads\/","og_locale":"de_DE","og_type":"article","og_title":"Downloads | Lindner Fischer","og_description":"Allgemeine Gesch\u00e4ftsbedingungen Allgemeine Einkaufsbedingungen Code of conduct Imagebrosch\u00fcre Image brochure Complete range of export vehicles Gamme compl\u00e8te de v\u00e9hicules d&#8217;exportation Ethik- und Verhaltensrichtlinie f\u00fcr Mitarbeiter","og_url":"https:\/\/lindner-fischer.com\/de\/downloads\/","og_site_name":"Lindner Fischer","article_modified_time":"2024-11-26T07:38:53+00:00","og_image":[{"url":"https:\/\/lindner-fischer.com\/wp-content\/uploads\/2020\/10\/de.svg","type":"","width":"","height":""}],"twitter_card":"summary_large_image","schema":{"@context":"https:\/\/schema.org","@graph":[{"@type":"WebPage","@id":"https:\/\/lindner-fischer.com\/de\/downloads\/","url":"https:\/\/lindner-fischer.com\/de\/downloads\/","name":"Downloads | Lindner Fischer","isPartOf":{"@id":"https:\/\/lindner-fischer.com\/de\/#website"},"primaryImageOfPage":{"@id":"https:\/\/lindner-fischer.com\/de\/downloads\/#primaryimage"},"image":{"@id":"https:\/\/lindner-fischer.com\/de\/downloads\/#primaryimage"},"thumbnailUrl":"https:\/\/lindner-fischer.com\/wp-content\/uploads\/2020\/10\/de.svg","datePublished":"2020-10-11T14:51:17+00:00","dateModified":"2024-11-26T07:38:53+00:00","breadcrumb":{"@id":"https:\/\/lindner-fischer.com\/de\/downloads\/#breadcrumb"},"inLanguage":"de","potentialAction":[{"@type":"ReadAction","target":["https:\/\/lindner-fischer.com\/de\/downloads\/"]}]},{"@type":"ImageObject","inLanguage":"de","@id":"https:\/\/lindner-fischer.com\/de\/downloads\/#primaryimage","url":"https:\/\/lindner-fischer.com\/wp-content\/uploads\/2020\/10\/de.svg","contentUrl":"https:\/\/lindner-fischer.com\/wp-content\/uploads\/2020\/10\/de.svg"},{"@type":"BreadcrumbList","@id":"https:\/\/lindner-fischer.com\/de\/downloads\/#breadcrumb","itemListElement":[{"@type":"ListItem","position":1,"name":"Startseite","item":"https:\/\/lindner-fischer.com\/de\/"},{"@type":"ListItem","position":2,"name":"Downloads"}]},{"@type":"WebSite","@id":"https:\/\/lindner-fischer.com\/de\/#website","url":"https:\/\/lindner-fischer.com\/de\/","name":"Lindner Fischer","description":"","publisher":{"@id":"https:\/\/lindner-fischer.com\/de\/#organization"},"potentialAction":[{"@type":"SearchAction","target":{"@type":"EntryPoint","urlTemplate":"https:\/\/lindner-fischer.com\/de\/?s={search_term_string}"},"query-input":{"@type":"PropertyValueSpecification","valueRequired":true,"valueName":"search_term_string"}}],"inLanguage":"de"},{"@type":"Organization","@id":"https:\/\/lindner-fischer.com\/de\/#organization","name":"Lindner Fischer","url":"https:\/\/lindner-fischer.com\/de\/","logo":{"@type":"ImageObject","inLanguage":"de","@id":"https:\/\/lindner-fischer.com\/de\/#\/schema\/logo\/image\/","url":"https:\/\/lindner-fischer.com\/wp-content\/uploads\/2020\/10\/Red.svg","contentUrl":"https:\/\/lindner-fischer.com\/wp-content\/uploads\/2020\/10\/Red.svg","width":1001,"height":312,"caption":"Lindner Fischer"},"image":{"@id":"https:\/\/lindner-fischer.com\/de\/#\/schema\/logo\/image\/"}}]}},"_links":{"self":[{"href":"https:\/\/lindner-fischer.com\/de\/wp-json\/wp\/v2\/pages\/193","targetHints":{"allow":["GET"]}}],"collection":[{"href":"https:\/\/lindner-fischer.com\/de\/wp-json\/wp\/v2\/pages"}],"about":[{"href":"https:\/\/lindner-fischer.com\/de\/wp-json\/wp\/v2\/types\/page"}],"author":[{"embeddable":true,"href":"https:\/\/lindner-fischer.com\/de\/wp-json\/wp\/v2\/users\/1"}],"replies":[{"embeddable":true,"href":"https:\/\/lindner-fischer.com\/de\/wp-json\/wp\/v2\/comments?post=193"}],"version-history":[{"count":29,"href":"https:\/\/lindner-fischer.com\/de\/wp-json\/wp\/v2\/pages\/193\/revisions"}],"predecessor-version":[{"id":7569,"href":"https:\/\/lindner-fischer.com\/de\/wp-json\/wp\/v2\/pages\/193\/revisions\/7569"}],"wp:attachment":[{"href":"https:\/\/lindner-fischer.com\/de\/wp-json\/wp\/v2\/media?parent=193"}],"curies":[{"name":"wp","href":"https:\/\/api.w.org\/{rel}","templated":true}]}}