{"id":374,"date":"2020-10-17T22:06:20","date_gmt":"2020-10-17T20:06:20","guid":{"rendered":"https:\/\/dev.lindner-fischer.com\/?page_id=374"},"modified":"2021-01-31T20:35:41","modified_gmt":"2021-01-31T19:35:41","slug":"impressum","status":"publish","type":"page","link":"https:\/\/lindner-fischer.com\/de\/impressum\/","title":{"rendered":"Impressum"},"content":{"rendered":"\t\t<div data-elementor-type=\"wp-page\" data-elementor-id=\"374\" class=\"elementor elementor-374\" data-elementor-post-type=\"page\">\n\t\t\t\t\t\t<section class=\"elementor-section elementor-top-section elementor-element elementor-element-22d585a elementor-section-boxed elementor-section-height-default elementor-section-height-default\" data-id=\"22d585a\" data-element_type=\"section\">\n\t\t\t\t\t\t<div class=\"elementor-container elementor-column-gap-default\">\n\t\t\t\t\t<div class=\"elementor-column elementor-col-100 elementor-top-column elementor-element elementor-element-40977c7\" data-id=\"40977c7\" data-element_type=\"column\">\n\t\t\t<div class=\"elementor-widget-wrap elementor-element-populated\">\n\t\t\t\t\t\t<div class=\"elementor-element elementor-element-11b0578 red-bg-bright-font elementor-widget elementor-widget-heading\" data-id=\"11b0578\" data-element_type=\"widget\" data-widget_type=\"heading.default\">\n\t\t\t\t<div class=\"elementor-widget-container\">\n\t\t\t\t\t<h1 class=\"elementor-heading-title elementor-size-large\">Impressum<\/h1>\t\t\t\t<\/div>\n\t\t\t\t<\/div>\n\t\t\t\t<div class=\"elementor-element elementor-element-28b5004 elementor-widget elementor-widget-text-editor\" data-id=\"28b5004\" data-element_type=\"widget\" data-widget_type=\"text-editor.default\">\n\t\t\t\t<div class=\"elementor-widget-container\">\n\t\t\t\t\t\t\t\t\t<p><strong>Angaben gem. \u00a7 6 Teledienstegesetz<\/strong><\/p><div align=\"left\"><strong>Lindner &amp; Fischer<\/strong><br \/>Fahrzeugbau GmbH<br \/>Riedheimer Str. 34<br \/>89129 Langenau<\/div><p class=\"normal\" align=\"left\">Tel.: + 49 (0) 73 45 \/ 96 14 &#8211; 0<br \/>Fax: + 49 (0) 73 45 \/ 96 14 &#8211; 69<br \/>E-Mail: info[at]lindner-fischer.com<\/p><p align=\"left\">Gesch\u00e4ftsf\u00fchrer: Stefan Lindner und Harald Doll<br \/>Sitz der Gesellschaft: Langenau<br \/>Amtsgericht Ulm HRB 2021<br \/>USt-ID-Nr.: DE 14 70 32 84 2<br \/>Verantwortlich f\u00fcr die Homepage: Stefan Lindner<\/p><p align=\"left\"><strong>designed by:<\/strong>\u00a0aXist GbR E. &amp; A. Kosel &#8211; www.axi.st &#8211; E-Mail: mail[at]axi.st\u00a0<\/p><hr \/><p align=\"left\"><strong>Urheberrechte \/ Marken:<\/strong><\/p><p align=\"left\">Alle Texte, Bilder, Grafiken, Ton-, Video- oder sonstige Bilddarstellungen und deren Anordnung sind gesetzlich gesch\u00fctzt (Copyright \u00a9 Lindner &amp; Fischer Fahrzeugbau GmbH all rights reserved). Ohne ausdr\u00fcckliche schriftliche Zustimmung der Lindner &amp; Fischer Fahrzeugbau GmbH d\u00fcrfen die Inhalte der Web-Site nicht zu gewerblichen Zwecken kopiert, verbreitet, ver\u00e4ndert oder Dritten zug\u00e4nglich gemacht werden. Einige auf dieser Web-Site wiedergegebene Bilder unterliegen dem Urheberrecht Dritter.<strong><br \/><\/strong><\/p><hr \/><p><strong>Haftungsausschluss:<\/strong><\/p><p>Die Inhalte dieser Web-Site wurden mit gr\u00f6\u00dftm\u00f6glicher Sorgfalt erstellt. Dennoch kann keine Gew\u00e4hrleistung f\u00fcr die Richtigkeit, Vollst\u00e4ndigkeit und Aktualit\u00e4t der mitgeteilten Informationen \u00fcbernommen werden. Die Lindner &amp; Fischer Fahrzeugbau GmbH sorgt f\u00fcr den bestm\u00f6glichen Schutz gegen missbr\u00e4uchliche Nutzung dieser Web-Site, insbesondere Verunreinigung mit sogenannten Viren. Eine Haftung f\u00fcr die Virenfreiheit der Seiten kann jedoch nicht \u00fcbernommen werden.<\/p><p>Soweit auf Internet-Nutzungsangebote Dritter (Links) verwiesen wird, wird f\u00fcr die Richtigkeit, Vollst\u00e4ndigkeit und Aktualit\u00e4t der dort mitgeteilten Informationen sowie f\u00fcr die Virenfreiheit der Seiten, auf die verwiesen wird, keine Haftung \u00fcbernommen. Sollten Seiten, auf die verwiesen wird, widerrechtlichen Inhalt haben, wird hierf\u00fcr keine Haftung \u00fcbernommen; die Lindner &amp; Fischer Fahrzeugbau GmbH distanziert sich ausdr\u00fccklich von solchen widerrechtlichen Inhalten.<\/p><p>Die Lindner &amp; Fischer Fahrzeugbau GmbH schlie\u00dft f\u00fcr sich eine Haftung f\u00fcr Sch\u00e4den, die aus der Nutzung ihres Internet-Informationsangebotes entstehen k\u00f6nnen aus, soweit Sch\u00e4den nicht auf einer vors\u00e4tzlichen oder grob fahrl\u00e4ssigen Handlung der Lindner &amp; Fischer Fahrzeugbau GmbH beruhen oder es sich um Sch\u00e4den an Leben, K\u00f6rper oder Gesundheit handelt.<\/p>\t\t\t\t\t\t\t\t<\/div>\n\t\t\t\t<\/div>\n\t\t\t\t\t<\/div>\n\t\t<\/div>\n\t\t\t\t\t<\/div>\n\t\t<\/section>\n\t\t\t\t<\/div>\n\t\t","protected":false},"excerpt":{"rendered":"<p>Impressum Angaben gem. \u00a7 6 Teledienstegesetz Lindner &amp; FischerFahrzeugbau GmbHRiedheimer Str. 3489129 Langenau Tel.: + 49 (0) 73 45 \/ 96 14 &#8211; 0Fax: + 49 (0) 73 45 \/ 96 14 &#8211; 69E-Mail: info[at]lindner-fischer.com Gesch\u00e4ftsf\u00fchrer: Stefan Lindner und Harald DollSitz der Gesellschaft: LangenauAmtsgericht Ulm HRB 2021USt-ID-Nr.: DE 14 70 32 84 2Verantwortlich f\u00fcr die [&hellip;]<\/p>\n","protected":false},"author":1,"featured_media":0,"parent":0,"menu_order":0,"comment_status":"closed","ping_status":"closed","template":"","meta":{"_acf_changed":false,"footnotes":""},"class_list":["post-374","page","type-page","status-publish","hentry","wpautop"],"acf":[],"yoast_head":"<!-- This site is optimized with the Yoast SEO plugin v25.7 - https:\/\/yoast.com\/wordpress\/plugins\/seo\/ -->\n<title>Impressum | Lindner Fischer<\/title>\n<meta name=\"robots\" content=\"index, follow, max-snippet:-1, max-image-preview:large, max-video-preview:-1\" \/>\n<link rel=\"canonical\" href=\"https:\/\/lindner-fischer.com\/de\/impressum\/\" \/>\n<meta property=\"og:locale\" content=\"de_DE\" \/>\n<meta property=\"og:type\" content=\"article\" \/>\n<meta property=\"og:title\" content=\"Impressum | Lindner Fischer\" \/>\n<meta property=\"og:description\" content=\"Impressum Angaben gem. \u00a7 6 Teledienstegesetz Lindner &amp; FischerFahrzeugbau GmbHRiedheimer Str. 3489129 Langenau Tel.: + 49 (0) 73 45 \/ 96 14 &#8211; 0Fax: + 49 (0) 73 45 \/ 96 14 &#8211; 69E-Mail: info[at]lindner-fischer.com Gesch\u00e4ftsf\u00fchrer: Stefan Lindner und Harald DollSitz der Gesellschaft: LangenauAmtsgericht Ulm HRB 2021USt-ID-Nr.: DE 14 70 32 84 2Verantwortlich f\u00fcr die [&hellip;]\" \/>\n<meta property=\"og:url\" content=\"https:\/\/lindner-fischer.com\/de\/impressum\/\" \/>\n<meta property=\"og:site_name\" content=\"Lindner Fischer\" \/>\n<meta property=\"article:modified_time\" content=\"2021-01-31T19:35:41+00:00\" \/>\n<meta name=\"twitter:card\" content=\"summary_large_image\" \/>\n<meta name=\"twitter:label1\" content=\"Gesch\u00e4tzte Lesezeit\" \/>\n\t<meta name=\"twitter:data1\" content=\"2\u00a0Minuten\" \/>\n<script type=\"application\/ld+json\" class=\"yoast-schema-graph\">{\"@context\":\"https:\/\/schema.org\",\"@graph\":[{\"@type\":\"WebPage\",\"@id\":\"https:\/\/lindner-fischer.com\/de\/impressum\/\",\"url\":\"https:\/\/lindner-fischer.com\/de\/impressum\/\",\"name\":\"Impressum | Lindner Fischer\",\"isPartOf\":{\"@id\":\"https:\/\/lindner-fischer.com\/de\/#website\"},\"datePublished\":\"2020-10-17T20:06:20+00:00\",\"dateModified\":\"2021-01-31T19:35:41+00:00\",\"breadcrumb\":{\"@id\":\"https:\/\/lindner-fischer.com\/de\/impressum\/#breadcrumb\"},\"inLanguage\":\"de\",\"potentialAction\":[{\"@type\":\"ReadAction\",\"target\":[\"https:\/\/lindner-fischer.com\/de\/impressum\/\"]}]},{\"@type\":\"BreadcrumbList\",\"@id\":\"https:\/\/lindner-fischer.com\/de\/impressum\/#breadcrumb\",\"itemListElement\":[{\"@type\":\"ListItem\",\"position\":1,\"name\":\"Startseite\",\"item\":\"https:\/\/lindner-fischer.com\/de\/\"},{\"@type\":\"ListItem\",\"position\":2,\"name\":\"Impressum\"}]},{\"@type\":\"WebSite\",\"@id\":\"https:\/\/lindner-fischer.com\/de\/#website\",\"url\":\"https:\/\/lindner-fischer.com\/de\/\",\"name\":\"Lindner Fischer\",\"description\":\"\",\"publisher\":{\"@id\":\"https:\/\/lindner-fischer.com\/de\/#organization\"},\"potentialAction\":[{\"@type\":\"SearchAction\",\"target\":{\"@type\":\"EntryPoint\",\"urlTemplate\":\"https:\/\/lindner-fischer.com\/de\/?s={search_term_string}\"},\"query-input\":{\"@type\":\"PropertyValueSpecification\",\"valueRequired\":true,\"valueName\":\"search_term_string\"}}],\"inLanguage\":\"de\"},{\"@type\":\"Organization\",\"@id\":\"https:\/\/lindner-fischer.com\/de\/#organization\",\"name\":\"Lindner Fischer\",\"url\":\"https:\/\/lindner-fischer.com\/de\/\",\"logo\":{\"@type\":\"ImageObject\",\"inLanguage\":\"de\",\"@id\":\"https:\/\/lindner-fischer.com\/de\/#\/schema\/logo\/image\/\",\"url\":\"https:\/\/lindner-fischer.com\/wp-content\/uploads\/2020\/10\/Red.svg\",\"contentUrl\":\"https:\/\/lindner-fischer.com\/wp-content\/uploads\/2020\/10\/Red.svg\",\"width\":1001,\"height\":312,\"caption\":\"Lindner Fischer\"},\"image\":{\"@id\":\"https:\/\/lindner-fischer.com\/de\/#\/schema\/logo\/image\/\"}}]}<\/script>\n<!-- \/ Yoast SEO plugin. -->","yoast_head_json":{"title":"Impressum | Lindner Fischer","robots":{"index":"index","follow":"follow","max-snippet":"max-snippet:-1","max-image-preview":"max-image-preview:large","max-video-preview":"max-video-preview:-1"},"canonical":"https:\/\/lindner-fischer.com\/de\/impressum\/","og_locale":"de_DE","og_type":"article","og_title":"Impressum | Lindner Fischer","og_description":"Impressum Angaben gem. \u00a7 6 Teledienstegesetz Lindner &amp; FischerFahrzeugbau GmbHRiedheimer Str. 3489129 Langenau Tel.: + 49 (0) 73 45 \/ 96 14 &#8211; 0Fax: + 49 (0) 73 45 \/ 96 14 &#8211; 69E-Mail: info[at]lindner-fischer.com Gesch\u00e4ftsf\u00fchrer: Stefan Lindner und Harald DollSitz der Gesellschaft: LangenauAmtsgericht Ulm HRB 2021USt-ID-Nr.: DE 14 70 32 84 2Verantwortlich f\u00fcr die [&hellip;]","og_url":"https:\/\/lindner-fischer.com\/de\/impressum\/","og_site_name":"Lindner Fischer","article_modified_time":"2021-01-31T19:35:41+00:00","twitter_card":"summary_large_image","twitter_misc":{"Gesch\u00e4tzte Lesezeit":"2\u00a0Minuten"},"schema":{"@context":"https:\/\/schema.org","@graph":[{"@type":"WebPage","@id":"https:\/\/lindner-fischer.com\/de\/impressum\/","url":"https:\/\/lindner-fischer.com\/de\/impressum\/","name":"Impressum | Lindner Fischer","isPartOf":{"@id":"https:\/\/lindner-fischer.com\/de\/#website"},"datePublished":"2020-10-17T20:06:20+00:00","dateModified":"2021-01-31T19:35:41+00:00","breadcrumb":{"@id":"https:\/\/lindner-fischer.com\/de\/impressum\/#breadcrumb"},"inLanguage":"de","potentialAction":[{"@type":"ReadAction","target":["https:\/\/lindner-fischer.com\/de\/impressum\/"]}]},{"@type":"BreadcrumbList","@id":"https:\/\/lindner-fischer.com\/de\/impressum\/#breadcrumb","itemListElement":[{"@type":"ListItem","position":1,"name":"Startseite","item":"https:\/\/lindner-fischer.com\/de\/"},{"@type":"ListItem","position":2,"name":"Impressum"}]},{"@type":"WebSite","@id":"https:\/\/lindner-fischer.com\/de\/#website","url":"https:\/\/lindner-fischer.com\/de\/","name":"Lindner Fischer","description":"","publisher":{"@id":"https:\/\/lindner-fischer.com\/de\/#organization"},"potentialAction":[{"@type":"SearchAction","target":{"@type":"EntryPoint","urlTemplate":"https:\/\/lindner-fischer.com\/de\/?s={search_term_string}"},"query-input":{"@type":"PropertyValueSpecification","valueRequired":true,"valueName":"search_term_string"}}],"inLanguage":"de"},{"@type":"Organization","@id":"https:\/\/lindner-fischer.com\/de\/#organization","name":"Lindner Fischer","url":"https:\/\/lindner-fischer.com\/de\/","logo":{"@type":"ImageObject","inLanguage":"de","@id":"https:\/\/lindner-fischer.com\/de\/#\/schema\/logo\/image\/","url":"https:\/\/lindner-fischer.com\/wp-content\/uploads\/2020\/10\/Red.svg","contentUrl":"https:\/\/lindner-fischer.com\/wp-content\/uploads\/2020\/10\/Red.svg","width":1001,"height":312,"caption":"Lindner Fischer"},"image":{"@id":"https:\/\/lindner-fischer.com\/de\/#\/schema\/logo\/image\/"}}]}},"_links":{"self":[{"href":"https:\/\/lindner-fischer.com\/de\/wp-json\/wp\/v2\/pages\/374","targetHints":{"allow":["GET"]}}],"collection":[{"href":"https:\/\/lindner-fischer.com\/de\/wp-json\/wp\/v2\/pages"}],"about":[{"href":"https:\/\/lindner-fischer.com\/de\/wp-json\/wp\/v2\/types\/page"}],"author":[{"embeddable":true,"href":"https:\/\/lindner-fischer.com\/de\/wp-json\/wp\/v2\/users\/1"}],"replies":[{"embeddable":true,"href":"https:\/\/lindner-fischer.com\/de\/wp-json\/wp\/v2\/comments?post=374"}],"version-history":[{"count":6,"href":"https:\/\/lindner-fischer.com\/de\/wp-json\/wp\/v2\/pages\/374\/revisions"}],"predecessor-version":[{"id":4082,"href":"https:\/\/lindner-fischer.com\/de\/wp-json\/wp\/v2\/pages\/374\/revisions\/4082"}],"wp:attachment":[{"href":"https:\/\/lindner-fischer.com\/de\/wp-json\/wp\/v2\/media?parent=374"}],"curies":[{"name":"wp","href":"https:\/\/api.w.org\/{rel}","templated":true}]}}