{"id":1326,"date":"2020-10-25T13:22:47","date_gmt":"2020-10-25T12:22:47","guid":{"rendered":"https:\/\/dev.lindner-fischer.com\/?page_id=1326"},"modified":"2020-10-25T13:22:47","modified_gmt":"2020-10-25T12:22:47","slug":"emergency-service","status":"publish","type":"page","link":"https:\/\/lindner-fischer.com\/en\/emergency-service\/","title":{"rendered":"Emergency service"},"content":{"rendered":"\t\t<div data-elementor-type=\"wp-page\" data-elementor-id=\"1326\" class=\"elementor elementor-1326 elementor-1134\" data-elementor-post-type=\"page\">\n\t\t\t\t\t\t<section class=\"elementor-section elementor-top-section elementor-element elementor-element-6d63076 elementor-section-boxed elementor-section-height-default elementor-section-height-default\" data-id=\"6d63076\" data-element_type=\"section\">\n\t\t\t\t\t\t<div class=\"elementor-container elementor-column-gap-default\">\n\t\t\t\t\t<div class=\"elementor-column elementor-col-100 elementor-top-column elementor-element elementor-element-86a786a\" data-id=\"86a786a\" data-element_type=\"column\">\n\t\t\t<div class=\"elementor-widget-wrap elementor-element-populated\">\n\t\t\t\t\t\t<div class=\"elementor-element elementor-element-810ddfe elementor-widget elementor-widget-heading\" data-id=\"810ddfe\" data-element_type=\"widget\" data-widget_type=\"heading.default\">\n\t\t\t\t<div class=\"elementor-widget-container\">\n\t\t\t\t\t<h1 class=\"elementor-heading-title elementor-size-large\">Unser Notdienst - Immer f\u00fcr Sie zur Stelle<\/h1>\t\t\t\t<\/div>\n\t\t\t\t<\/div>\n\t\t\t\t<div class=\"elementor-element elementor-element-69fe45c elementor-widget elementor-widget-text-editor\" data-id=\"69fe45c\" data-element_type=\"widget\" data-widget_type=\"text-editor.default\">\n\t\t\t\t<div class=\"elementor-widget-container\">\n\t\t\t\t\t\t\t\t\t<p>Unseren aktuellen Notdienst k\u00f6nnen Sie unter folgender Rufnummer in Erfahrung bringen: <b>07345 \/ 96 14 0<\/b><\/p>\t\t\t\t\t\t\t\t<\/div>\n\t\t\t\t<\/div>\n\t\t\t\t<section class=\"elementor-section elementor-inner-section elementor-element elementor-element-47a83ad elementor-section-boxed elementor-section-height-default elementor-section-height-default\" data-id=\"47a83ad\" data-element_type=\"section\">\n\t\t\t\t\t\t<div class=\"elementor-container elementor-column-gap-default\">\n\t\t\t\t\t<div class=\"elementor-column elementor-col-50 elementor-inner-column elementor-element elementor-element-2fd4db0\" data-id=\"2fd4db0\" data-element_type=\"column\">\n\t\t\t<div class=\"elementor-widget-wrap elementor-element-populated\">\n\t\t\t\t\t\t<div class=\"elementor-element elementor-element-9ef4ae4 elementor-widget elementor-widget-heading\" data-id=\"9ef4ae4\" data-element_type=\"widget\" data-widget_type=\"heading.default\">\n\t\t\t\t<div class=\"elementor-widget-container\">\n\t\t\t\t\t<h1 class=\"elementor-heading-title elementor-size-large\">Der L&amp;F-Service: Wir helfen weltweit<\/h1>\t\t\t\t<\/div>\n\t\t\t\t<\/div>\n\t\t\t\t<div class=\"elementor-element elementor-element-27b284c elementor-widget elementor-widget-text-editor\" data-id=\"27b284c\" data-element_type=\"widget\" data-widget_type=\"text-editor.default\">\n\t\t\t\t<div class=\"elementor-widget-container\">\n\t\t\t\t\t\t\t\t\t<p>Tritt, trotz h\u00f6chster Qualit\u00e4tssicherung, mal ein Problem auf, sind wir f\u00fcr Sie da!<\/p>\n<p>Wir verf\u00fcgen \u00fcber ein gut sortiertes Ersatzteillager und einen mobilen Kundendienst mit mehreren Einsatzfahrzeugen. Diese sind in unseren drei deutschen Werken stationiert und k\u00f6nnen, in der Bundesrepublik Deutschland, \u00fcberall zeitnah zur Stelle sein.<\/p>\n<p>Mit unserem schnellen Kunden- und Ersatzteilservice, unseren Vertragswerkst\u00e4tten und Servicepartnern helfen wir Ihnen unverz\u00fcglich &#8211; nicht nur in Deutschland, sondern weltweit.<\/p>\n<h3>&nbsp;<\/h3>\t\t\t\t\t\t\t\t<\/div>\n\t\t\t\t<\/div>\n\t\t\t\t\t<\/div>\n\t\t<\/div>\n\t\t\t\t<div class=\"elementor-column elementor-col-50 elementor-inner-column elementor-element elementor-element-668fc62\" data-id=\"668fc62\" data-element_type=\"column\">\n\t\t\t<div class=\"elementor-widget-wrap elementor-element-populated\">\n\t\t\t\t\t\t<div class=\"elementor-element elementor-element-b3c2b30 elementor-view-default elementor-widget elementor-widget-icon\" data-id=\"b3c2b30\" data-element_type=\"widget\" data-widget_type=\"icon.default\">\n\t\t\t\t<div class=\"elementor-widget-container\">\n\t\t\t\t\t\t\t<div class=\"elementor-icon-wrapper\">\n\t\t\t<div class=\"elementor-icon\">\n\t\t\t<i aria-hidden=\"true\" class=\"fas fa-tools\"><\/i>\t\t\t<\/div>\n\t\t<\/div>\n\t\t\t\t\t\t<\/div>\n\t\t\t\t<\/div>\n\t\t\t\t\t<\/div>\n\t\t<\/div>\n\t\t\t\t\t<\/div>\n\t\t<\/section>\n\t\t\t\t\t<\/div>\n\t\t<\/div>\n\t\t\t\t\t<\/div>\n\t\t<\/section>\n\t\t\t\t<\/div>\n\t\t","protected":false},"excerpt":{"rendered":"<p>Unser Notdienst &#8211; Immer f\u00fcr Sie zur Stelle Unseren aktuellen Notdienst k\u00f6nnen Sie unter folgender Rufnummer in Erfahrung bringen: 07345 \/ 96 14 0 Der L&amp;F-Service: Wir helfen weltweit Tritt, trotz h\u00f6chster Qualit\u00e4tssicherung, mal ein Problem auf, sind wir f\u00fcr Sie da! Wir verf\u00fcgen \u00fcber ein gut sortiertes Ersatzteillager und einen mobilen Kundendienst mit mehreren [&hellip;]<\/p>\n","protected":false},"author":2,"featured_media":0,"parent":0,"menu_order":0,"comment_status":"closed","ping_status":"closed","template":"","meta":{"_acf_changed":false,"footnotes":""},"class_list":["post-1326","page","type-page","status-publish","hentry","wpautop"],"acf":[],"yoast_head":"<!-- This site is optimized with the Yoast SEO plugin v25.7 - https:\/\/yoast.com\/wordpress\/plugins\/seo\/ -->\n<title>Emergency service | Lindner Fischer<\/title>\n<meta name=\"robots\" content=\"index, follow, max-snippet:-1, max-image-preview:large, max-video-preview:-1\" \/>\n<link rel=\"canonical\" href=\"https:\/\/lindner-fischer.com\/en\/emergency-service\/\" \/>\n<meta property=\"og:locale\" content=\"en_US\" \/>\n<meta property=\"og:type\" content=\"article\" \/>\n<meta property=\"og:title\" content=\"Emergency service | Lindner Fischer\" \/>\n<meta property=\"og:description\" content=\"Unser Notdienst &#8211; Immer f\u00fcr Sie zur Stelle Unseren aktuellen Notdienst k\u00f6nnen Sie unter folgender Rufnummer in Erfahrung bringen: 07345 \/ 96 14 0 Der L&amp;F-Service: Wir helfen weltweit Tritt, trotz h\u00f6chster Qualit\u00e4tssicherung, mal ein Problem auf, sind wir f\u00fcr Sie da! Wir verf\u00fcgen \u00fcber ein gut sortiertes Ersatzteillager und einen mobilen Kundendienst mit mehreren [&hellip;]\" \/>\n<meta property=\"og:url\" content=\"https:\/\/lindner-fischer.com\/en\/emergency-service\/\" \/>\n<meta property=\"og:site_name\" content=\"Lindner Fischer\" \/>\n<meta name=\"twitter:card\" content=\"summary_large_image\" \/>\n<meta name=\"twitter:label1\" content=\"Est. reading time\" \/>\n\t<meta name=\"twitter:data1\" content=\"1 minute\" \/>\n<script type=\"application\/ld+json\" class=\"yoast-schema-graph\">{\"@context\":\"https:\/\/schema.org\",\"@graph\":[{\"@type\":\"WebPage\",\"@id\":\"https:\/\/lindner-fischer.com\/en\/emergency-service\/\",\"url\":\"https:\/\/lindner-fischer.com\/en\/emergency-service\/\",\"name\":\"Emergency service | Lindner Fischer\",\"isPartOf\":{\"@id\":\"https:\/\/lindner-fischer.com\/en\/#website\"},\"datePublished\":\"2020-10-25T12:22:47+00:00\",\"breadcrumb\":{\"@id\":\"https:\/\/lindner-fischer.com\/en\/emergency-service\/#breadcrumb\"},\"inLanguage\":\"en-US\",\"potentialAction\":[{\"@type\":\"ReadAction\",\"target\":[\"https:\/\/lindner-fischer.com\/en\/emergency-service\/\"]}]},{\"@type\":\"BreadcrumbList\",\"@id\":\"https:\/\/lindner-fischer.com\/en\/emergency-service\/#breadcrumb\",\"itemListElement\":[{\"@type\":\"ListItem\",\"position\":1,\"name\":\"Startseite\",\"item\":\"https:\/\/lindner-fischer.com\/en\/home\/\"},{\"@type\":\"ListItem\",\"position\":2,\"name\":\"Emergency service\"}]},{\"@type\":\"WebSite\",\"@id\":\"https:\/\/lindner-fischer.com\/en\/#website\",\"url\":\"https:\/\/lindner-fischer.com\/en\/\",\"name\":\"Lindner Fischer\",\"description\":\"\",\"publisher\":{\"@id\":\"https:\/\/lindner-fischer.com\/en\/#organization\"},\"potentialAction\":[{\"@type\":\"SearchAction\",\"target\":{\"@type\":\"EntryPoint\",\"urlTemplate\":\"https:\/\/lindner-fischer.com\/en\/?s={search_term_string}\"},\"query-input\":{\"@type\":\"PropertyValueSpecification\",\"valueRequired\":true,\"valueName\":\"search_term_string\"}}],\"inLanguage\":\"en-US\"},{\"@type\":\"Organization\",\"@id\":\"https:\/\/lindner-fischer.com\/en\/#organization\",\"name\":\"Lindner Fischer\",\"url\":\"https:\/\/lindner-fischer.com\/en\/\",\"logo\":{\"@type\":\"ImageObject\",\"inLanguage\":\"en-US\",\"@id\":\"https:\/\/lindner-fischer.com\/en\/#\/schema\/logo\/image\/\",\"url\":\"https:\/\/lindner-fischer.com\/wp-content\/uploads\/2020\/10\/Red.svg\",\"contentUrl\":\"https:\/\/lindner-fischer.com\/wp-content\/uploads\/2020\/10\/Red.svg\",\"width\":1001,\"height\":312,\"caption\":\"Lindner Fischer\"},\"image\":{\"@id\":\"https:\/\/lindner-fischer.com\/en\/#\/schema\/logo\/image\/\"}}]}<\/script>\n<!-- \/ Yoast SEO plugin. -->","yoast_head_json":{"title":"Emergency service | Lindner Fischer","robots":{"index":"index","follow":"follow","max-snippet":"max-snippet:-1","max-image-preview":"max-image-preview:large","max-video-preview":"max-video-preview:-1"},"canonical":"https:\/\/lindner-fischer.com\/en\/emergency-service\/","og_locale":"en_US","og_type":"article","og_title":"Emergency service | Lindner Fischer","og_description":"Unser Notdienst &#8211; Immer f\u00fcr Sie zur Stelle Unseren aktuellen Notdienst k\u00f6nnen Sie unter folgender Rufnummer in Erfahrung bringen: 07345 \/ 96 14 0 Der L&amp;F-Service: Wir helfen weltweit Tritt, trotz h\u00f6chster Qualit\u00e4tssicherung, mal ein Problem auf, sind wir f\u00fcr Sie da! Wir verf\u00fcgen \u00fcber ein gut sortiertes Ersatzteillager und einen mobilen Kundendienst mit mehreren [&hellip;]","og_url":"https:\/\/lindner-fischer.com\/en\/emergency-service\/","og_site_name":"Lindner Fischer","twitter_card":"summary_large_image","twitter_misc":{"Est. reading time":"1 minute"},"schema":{"@context":"https:\/\/schema.org","@graph":[{"@type":"WebPage","@id":"https:\/\/lindner-fischer.com\/en\/emergency-service\/","url":"https:\/\/lindner-fischer.com\/en\/emergency-service\/","name":"Emergency service | Lindner Fischer","isPartOf":{"@id":"https:\/\/lindner-fischer.com\/en\/#website"},"datePublished":"2020-10-25T12:22:47+00:00","breadcrumb":{"@id":"https:\/\/lindner-fischer.com\/en\/emergency-service\/#breadcrumb"},"inLanguage":"en-US","potentialAction":[{"@type":"ReadAction","target":["https:\/\/lindner-fischer.com\/en\/emergency-service\/"]}]},{"@type":"BreadcrumbList","@id":"https:\/\/lindner-fischer.com\/en\/emergency-service\/#breadcrumb","itemListElement":[{"@type":"ListItem","position":1,"name":"Startseite","item":"https:\/\/lindner-fischer.com\/en\/home\/"},{"@type":"ListItem","position":2,"name":"Emergency service"}]},{"@type":"WebSite","@id":"https:\/\/lindner-fischer.com\/en\/#website","url":"https:\/\/lindner-fischer.com\/en\/","name":"Lindner Fischer","description":"","publisher":{"@id":"https:\/\/lindner-fischer.com\/en\/#organization"},"potentialAction":[{"@type":"SearchAction","target":{"@type":"EntryPoint","urlTemplate":"https:\/\/lindner-fischer.com\/en\/?s={search_term_string}"},"query-input":{"@type":"PropertyValueSpecification","valueRequired":true,"valueName":"search_term_string"}}],"inLanguage":"en-US"},{"@type":"Organization","@id":"https:\/\/lindner-fischer.com\/en\/#organization","name":"Lindner Fischer","url":"https:\/\/lindner-fischer.com\/en\/","logo":{"@type":"ImageObject","inLanguage":"en-US","@id":"https:\/\/lindner-fischer.com\/en\/#\/schema\/logo\/image\/","url":"https:\/\/lindner-fischer.com\/wp-content\/uploads\/2020\/10\/Red.svg","contentUrl":"https:\/\/lindner-fischer.com\/wp-content\/uploads\/2020\/10\/Red.svg","width":1001,"height":312,"caption":"Lindner Fischer"},"image":{"@id":"https:\/\/lindner-fischer.com\/en\/#\/schema\/logo\/image\/"}}]}},"_links":{"self":[{"href":"https:\/\/lindner-fischer.com\/en\/wp-json\/wp\/v2\/pages\/1326","targetHints":{"allow":["GET"]}}],"collection":[{"href":"https:\/\/lindner-fischer.com\/en\/wp-json\/wp\/v2\/pages"}],"about":[{"href":"https:\/\/lindner-fischer.com\/en\/wp-json\/wp\/v2\/types\/page"}],"author":[{"embeddable":true,"href":"https:\/\/lindner-fischer.com\/en\/wp-json\/wp\/v2\/users\/2"}],"replies":[{"embeddable":true,"href":"https:\/\/lindner-fischer.com\/en\/wp-json\/wp\/v2\/comments?post=1326"}],"version-history":[{"count":1,"href":"https:\/\/lindner-fischer.com\/en\/wp-json\/wp\/v2\/pages\/1326\/revisions"}],"predecessor-version":[{"id":1327,"href":"https:\/\/lindner-fischer.com\/en\/wp-json\/wp\/v2\/pages\/1326\/revisions\/1327"}],"wp:attachment":[{"href":"https:\/\/lindner-fischer.com\/en\/wp-json\/wp\/v2\/media?parent=1326"}],"curies":[{"name":"wp","href":"https:\/\/api.w.org\/{rel}","templated":true}]}}