{"id":6463,"date":"2024-03-25T10:05:39","date_gmt":"2024-03-25T09:05:39","guid":{"rendered":"https:\/\/lindner-fischer.com\/informacion-legal\/"},"modified":"2024-03-25T10:05:39","modified_gmt":"2024-03-25T09:05:39","slug":"informacion-legal","status":"publish","type":"page","link":"https:\/\/lindner-fischer.com\/es\/informacion-legal\/","title":{"rendered":"Informaci\u00f3n legal"},"content":{"rendered":"\t\t<div data-elementor-type=\"wp-page\" data-elementor-id=\"6463\" class=\"elementor elementor-6463 elementor-374\" data-elementor-post-type=\"page\">\n\t\t\t\t\t\t<section class=\"elementor-section elementor-top-section elementor-element elementor-element-22d585a elementor-section-boxed elementor-section-height-default elementor-section-height-default\" data-id=\"22d585a\" data-element_type=\"section\">\n\t\t\t\t\t\t<div class=\"elementor-container elementor-column-gap-default\">\n\t\t\t\t\t<div class=\"elementor-column elementor-col-100 elementor-top-column elementor-element elementor-element-40977c7\" data-id=\"40977c7\" data-element_type=\"column\">\n\t\t\t<div class=\"elementor-widget-wrap elementor-element-populated\">\n\t\t\t\t\t\t<div class=\"elementor-element elementor-element-11b0578 red-bg-bright-font elementor-widget elementor-widget-heading\" data-id=\"11b0578\" data-element_type=\"widget\" data-widget_type=\"heading.default\">\n\t\t\t\t<div class=\"elementor-widget-container\">\n\t\t\t\t\t<h1 class=\"elementor-heading-title elementor-size-large\">Informaci\u00f3n legal<\/h1>\t\t\t\t<\/div>\n\t\t\t\t<\/div>\n\t\t\t\t<div class=\"elementor-element elementor-element-28b5004 elementor-widget elementor-widget-text-editor\" data-id=\"28b5004\" data-element_type=\"widget\" data-widget_type=\"text-editor.default\">\n\t\t\t\t<div class=\"elementor-widget-container\">\n\t\t\t\t\t\t\t\t\t<p><strong>Indicaci\u00f3n de datos seg\u00fan el art. 6 de la Ley Alemana de Teleservicios<\/strong><\/p>\n<div align=\"left\"><strong>Lindner &amp; Fischer<\/strong><br \/>Fahrzeugbau GmbH<br \/>Riedheimer Str. 34<br \/>89129 Langenau<\/div>\n<p class=\"normal\" align=\"left\">Tel.: + 49 (0) 73 45 \/ 96 14 &#8211; 0<br \/>Fax: + 49 (0) 73 45 \/ 96 14 &#8211; 69<br \/>E-Mail: info[at]lindner-fischer.com<\/p>\n<p align=\"left\">Directores Gerentes: Stefan Lindner y Harald Doll<br \/>Sede de la sociedad: Langenau<br \/>Juzgado de 1.\u00aa Instancia de Ulm, HRB 2021<br \/>CIF: DE 14 70 32 84 2<br \/>Responsable de la p\u00e1gina web: Stefan Lindner<\/p>\n<p align=\"left\"><strong>Dise\u00f1ada por: <\/strong> aXist GbR E. &amp; A. Kosel &#8211; www.axi.st &#8211; E-Mail: mail[at]axi.st <\/p>\n<hr>\n<p align=\"left\"><strong>Derechos de autor \/ marcas:<\/strong><\/p>\n<p align=\"left\">Todos los textos, im\u00e1genes, gr\u00e1ficos, grabaciones de sonido, v\u00eddeo u otras representaciones de im\u00e1genes y su disposici\u00f3n est\u00e1n protegidos por la ley (copyright \u00a9 Lindner &amp; Fischer Fahrzeugbau GmbH all rights reserved). Sin el consentimiento expreso y por escrito de Lindner &amp; Fischer Fahrzeugbau GmbH, los contenidos del sitio web no pueden ser copiados, distribuidos, modificados o puestos a disposici\u00f3n de terceros con fines comerciales. Algunas im\u00e1genes reproducidas en este sitio web est\u00e1n sujetas a los derechos de autor de terceros.<strong><br \/><\/strong><\/p>\n<hr>\n<p><strong>Exoneraci\u00f3n de responsabilidad:<\/strong><\/p>\n<p>Los contenidos de este sitio web han sido creados con el mayor esmero posible. Sin embargo, no se puede asumir ninguna garant\u00eda de la exactitud, integridad y actualidad de la informaci\u00f3n proporcionada. Lindner &amp; Fischer Fahrzeugbau GmbH proporciona la mejor protecci\u00f3n posible contra el uso indebido de este sitio web, en particular la infecci\u00f3n con los denominados virus. Sin embargo, no podemos aceptar ninguna responsabilidad por la ausencia de virus de las p\u00e1ginas.<\/p>\n<p>En la medida en que se haga referencia a ofertas de uso de internet de terceros (enlaces), no asumimos ninguna responsabilidad por la exactitud, integridad y actualidad de la informaci\u00f3n proporcionada all\u00ed, as\u00ed como por la ausencia de virus de las p\u00e1ginas a las que se remite. En caso de que las p\u00e1ginas a las que se remite tuvieran contenidos il\u00edcitos, no asumiremos ninguna responsabilidad por ello; Lindner &amp; Fischer Fahrzeugbau GmbH se distancia expresamente de tales contenidos il\u00edcitos.<\/p>\n<p>La empresa Lindner &amp; Fischer Fahrzeugbau GmbH no ser\u00e1 responsable de los da\u00f1os que puedan derivarse del uso de su oferta de internet, a menos que dichos da\u00f1os sean causados por acciones deliberadas o negligentes graves de Lindner &amp; Fischer Fahrzeugbau GmbH o se trate de da\u00f1os contra la vida, la integridad f\u00edsica o la salud.<\/p>\n\t\t\t\t\t\t\t\t<\/div>\n\t\t\t\t<\/div>\n\t\t\t\t\t<\/div>\n\t\t<\/div>\n\t\t\t\t\t<\/div>\n\t\t<\/section>\n\t\t\t\t<\/div>\n\t\t","protected":false},"excerpt":{"rendered":"<p>Informaci\u00f3n legal Indicaci\u00f3n de datos seg\u00fan el art. 6 de la Ley Alemana de Teleservicios Lindner &amp; FischerFahrzeugbau GmbHRiedheimer Str. 3489129 Langenau Tel.: + 49 (0) 73 45 \/ 96 14 &#8211; 0Fax: + 49 (0) 73 45 \/ 96 14 &#8211; 69E-Mail: info[at]lindner-fischer.com Directores Gerentes: Stefan Lindner y Harald DollSede de la sociedad: LangenauJuzgado [&hellip;]<\/p>\n","protected":false},"author":1,"featured_media":0,"parent":0,"menu_order":0,"comment_status":"closed","ping_status":"closed","template":"","meta":{"_acf_changed":false,"footnotes":""},"class_list":["post-6463","page","type-page","status-publish","hentry","wpautop"],"acf":[],"yoast_head":"<!-- This site is optimized with the Yoast SEO plugin v25.7 - https:\/\/yoast.com\/wordpress\/plugins\/seo\/ -->\n<title>Informaci\u00f3n legal | Lindner Fischer<\/title>\n<meta name=\"robots\" content=\"index, follow, max-snippet:-1, max-image-preview:large, max-video-preview:-1\" \/>\n<link rel=\"canonical\" href=\"https:\/\/lindner-fischer.com\/es\/informacion-legal\/\" \/>\n<meta property=\"og:locale\" content=\"es_ES\" \/>\n<meta property=\"og:type\" content=\"article\" \/>\n<meta property=\"og:title\" content=\"Informaci\u00f3n legal | Lindner Fischer\" \/>\n<meta property=\"og:description\" content=\"Informaci\u00f3n legal Indicaci\u00f3n de datos seg\u00fan el art. 6 de la Ley Alemana de Teleservicios Lindner &amp; FischerFahrzeugbau GmbHRiedheimer Str. 3489129 Langenau Tel.: + 49 (0) 73 45 \/ 96 14 &#8211; 0Fax: + 49 (0) 73 45 \/ 96 14 &#8211; 69E-Mail: info[at]lindner-fischer.com Directores Gerentes: Stefan Lindner y Harald DollSede de la sociedad: LangenauJuzgado [&hellip;]\" \/>\n<meta property=\"og:url\" content=\"https:\/\/lindner-fischer.com\/es\/informacion-legal\/\" \/>\n<meta property=\"og:site_name\" content=\"Lindner Fischer\" \/>\n<meta name=\"twitter:card\" content=\"summary_large_image\" \/>\n<meta name=\"twitter:label1\" content=\"Tiempo de lectura\" \/>\n\t<meta name=\"twitter:data1\" content=\"2 minutos\" \/>\n<script type=\"application\/ld+json\" class=\"yoast-schema-graph\">{\"@context\":\"https:\/\/schema.org\",\"@graph\":[{\"@type\":\"WebPage\",\"@id\":\"https:\/\/lindner-fischer.com\/es\/informacion-legal\/\",\"url\":\"https:\/\/lindner-fischer.com\/es\/informacion-legal\/\",\"name\":\"Informaci\u00f3n legal | Lindner Fischer\",\"isPartOf\":{\"@id\":\"https:\/\/lindner-fischer.com\/es\/#website\"},\"datePublished\":\"2024-03-25T09:05:39+00:00\",\"breadcrumb\":{\"@id\":\"https:\/\/lindner-fischer.com\/es\/informacion-legal\/#breadcrumb\"},\"inLanguage\":\"es\",\"potentialAction\":[{\"@type\":\"ReadAction\",\"target\":[\"https:\/\/lindner-fischer.com\/es\/informacion-legal\/\"]}]},{\"@type\":\"BreadcrumbList\",\"@id\":\"https:\/\/lindner-fischer.com\/es\/informacion-legal\/#breadcrumb\",\"itemListElement\":[{\"@type\":\"ListItem\",\"position\":1,\"name\":\"Startseite\",\"item\":\"https:\/\/lindner-fischer.com\/es\/inicio\/\"},{\"@type\":\"ListItem\",\"position\":2,\"name\":\"Informaci\u00f3n legal\"}]},{\"@type\":\"WebSite\",\"@id\":\"https:\/\/lindner-fischer.com\/es\/#website\",\"url\":\"https:\/\/lindner-fischer.com\/es\/\",\"name\":\"Lindner Fischer\",\"description\":\"\",\"publisher\":{\"@id\":\"https:\/\/lindner-fischer.com\/es\/#organization\"},\"potentialAction\":[{\"@type\":\"SearchAction\",\"target\":{\"@type\":\"EntryPoint\",\"urlTemplate\":\"https:\/\/lindner-fischer.com\/es\/?s={search_term_string}\"},\"query-input\":{\"@type\":\"PropertyValueSpecification\",\"valueRequired\":true,\"valueName\":\"search_term_string\"}}],\"inLanguage\":\"es\"},{\"@type\":\"Organization\",\"@id\":\"https:\/\/lindner-fischer.com\/es\/#organization\",\"name\":\"Lindner Fischer\",\"url\":\"https:\/\/lindner-fischer.com\/es\/\",\"logo\":{\"@type\":\"ImageObject\",\"inLanguage\":\"es\",\"@id\":\"https:\/\/lindner-fischer.com\/es\/#\/schema\/logo\/image\/\",\"url\":\"https:\/\/lindner-fischer.com\/wp-content\/uploads\/2020\/10\/Red.svg\",\"contentUrl\":\"https:\/\/lindner-fischer.com\/wp-content\/uploads\/2020\/10\/Red.svg\",\"width\":1001,\"height\":312,\"caption\":\"Lindner Fischer\"},\"image\":{\"@id\":\"https:\/\/lindner-fischer.com\/es\/#\/schema\/logo\/image\/\"}}]}<\/script>\n<!-- \/ Yoast SEO plugin. -->","yoast_head_json":{"title":"Informaci\u00f3n legal | Lindner Fischer","robots":{"index":"index","follow":"follow","max-snippet":"max-snippet:-1","max-image-preview":"max-image-preview:large","max-video-preview":"max-video-preview:-1"},"canonical":"https:\/\/lindner-fischer.com\/es\/informacion-legal\/","og_locale":"es_ES","og_type":"article","og_title":"Informaci\u00f3n legal | Lindner Fischer","og_description":"Informaci\u00f3n legal Indicaci\u00f3n de datos seg\u00fan el art. 6 de la Ley Alemana de Teleservicios Lindner &amp; FischerFahrzeugbau GmbHRiedheimer Str. 3489129 Langenau Tel.: + 49 (0) 73 45 \/ 96 14 &#8211; 0Fax: + 49 (0) 73 45 \/ 96 14 &#8211; 69E-Mail: info[at]lindner-fischer.com Directores Gerentes: Stefan Lindner y Harald DollSede de la sociedad: LangenauJuzgado [&hellip;]","og_url":"https:\/\/lindner-fischer.com\/es\/informacion-legal\/","og_site_name":"Lindner Fischer","twitter_card":"summary_large_image","twitter_misc":{"Tiempo de lectura":"2 minutos"},"schema":{"@context":"https:\/\/schema.org","@graph":[{"@type":"WebPage","@id":"https:\/\/lindner-fischer.com\/es\/informacion-legal\/","url":"https:\/\/lindner-fischer.com\/es\/informacion-legal\/","name":"Informaci\u00f3n legal | Lindner Fischer","isPartOf":{"@id":"https:\/\/lindner-fischer.com\/es\/#website"},"datePublished":"2024-03-25T09:05:39+00:00","breadcrumb":{"@id":"https:\/\/lindner-fischer.com\/es\/informacion-legal\/#breadcrumb"},"inLanguage":"es","potentialAction":[{"@type":"ReadAction","target":["https:\/\/lindner-fischer.com\/es\/informacion-legal\/"]}]},{"@type":"BreadcrumbList","@id":"https:\/\/lindner-fischer.com\/es\/informacion-legal\/#breadcrumb","itemListElement":[{"@type":"ListItem","position":1,"name":"Startseite","item":"https:\/\/lindner-fischer.com\/es\/inicio\/"},{"@type":"ListItem","position":2,"name":"Informaci\u00f3n legal"}]},{"@type":"WebSite","@id":"https:\/\/lindner-fischer.com\/es\/#website","url":"https:\/\/lindner-fischer.com\/es\/","name":"Lindner Fischer","description":"","publisher":{"@id":"https:\/\/lindner-fischer.com\/es\/#organization"},"potentialAction":[{"@type":"SearchAction","target":{"@type":"EntryPoint","urlTemplate":"https:\/\/lindner-fischer.com\/es\/?s={search_term_string}"},"query-input":{"@type":"PropertyValueSpecification","valueRequired":true,"valueName":"search_term_string"}}],"inLanguage":"es"},{"@type":"Organization","@id":"https:\/\/lindner-fischer.com\/es\/#organization","name":"Lindner Fischer","url":"https:\/\/lindner-fischer.com\/es\/","logo":{"@type":"ImageObject","inLanguage":"es","@id":"https:\/\/lindner-fischer.com\/es\/#\/schema\/logo\/image\/","url":"https:\/\/lindner-fischer.com\/wp-content\/uploads\/2020\/10\/Red.svg","contentUrl":"https:\/\/lindner-fischer.com\/wp-content\/uploads\/2020\/10\/Red.svg","width":1001,"height":312,"caption":"Lindner Fischer"},"image":{"@id":"https:\/\/lindner-fischer.com\/es\/#\/schema\/logo\/image\/"}}]}},"_links":{"self":[{"href":"https:\/\/lindner-fischer.com\/es\/wp-json\/wp\/v2\/pages\/6463","targetHints":{"allow":["GET"]}}],"collection":[{"href":"https:\/\/lindner-fischer.com\/es\/wp-json\/wp\/v2\/pages"}],"about":[{"href":"https:\/\/lindner-fischer.com\/es\/wp-json\/wp\/v2\/types\/page"}],"author":[{"embeddable":true,"href":"https:\/\/lindner-fischer.com\/es\/wp-json\/wp\/v2\/users\/1"}],"replies":[{"embeddable":true,"href":"https:\/\/lindner-fischer.com\/es\/wp-json\/wp\/v2\/comments?post=6463"}],"version-history":[{"count":1,"href":"https:\/\/lindner-fischer.com\/es\/wp-json\/wp\/v2\/pages\/6463\/revisions"}],"predecessor-version":[{"id":6464,"href":"https:\/\/lindner-fischer.com\/es\/wp-json\/wp\/v2\/pages\/6463\/revisions\/6464"}],"wp:attachment":[{"href":"https:\/\/lindner-fischer.com\/es\/wp-json\/wp\/v2\/media?parent=6463"}],"curies":[{"name":"wp","href":"https:\/\/api.w.org\/{rel}","templated":true}]}}