{"id":1286,"date":"2020-10-25T13:12:59","date_gmt":"2020-10-25T12:12:59","guid":{"rendered":"https:\/\/dev.lindner-fischer.com\/?page_id=1286"},"modified":"2022-04-06T12:28:57","modified_gmt":"2022-04-06T10:28:57","slug":"imprimer","status":"publish","type":"page","link":"https:\/\/lindner-fischer.com\/fr\/imprimer\/","title":{"rendered":"Mentions l\u00e9gales"},"content":{"rendered":"\t\t<div data-elementor-type=\"wp-page\" data-elementor-id=\"1286\" class=\"elementor elementor-1286 elementor-374\" data-elementor-post-type=\"page\">\n\t\t\t\t\t\t<section class=\"elementor-section elementor-top-section elementor-element elementor-element-22d585a elementor-section-boxed elementor-section-height-default elementor-section-height-default\" data-id=\"22d585a\" data-element_type=\"section\">\n\t\t\t\t\t\t<div class=\"elementor-container elementor-column-gap-default\">\n\t\t\t\t\t<div class=\"elementor-column elementor-col-100 elementor-top-column elementor-element elementor-element-40977c7\" data-id=\"40977c7\" data-element_type=\"column\">\n\t\t\t<div class=\"elementor-widget-wrap elementor-element-populated\">\n\t\t\t\t\t\t<div class=\"elementor-element elementor-element-11b0578 red-bg-bright-font elementor-widget elementor-widget-heading\" data-id=\"11b0578\" data-element_type=\"widget\" data-widget_type=\"heading.default\">\n\t\t\t\t<div class=\"elementor-widget-container\">\n\t\t\t\t\t<h1 class=\"elementor-heading-title elementor-size-large\">Mentions l\u00e9gales<\/h1>\t\t\t\t<\/div>\n\t\t\t\t<\/div>\n\t\t\t\t<div class=\"elementor-element elementor-element-28b5004 elementor-widget elementor-widget-text-editor\" data-id=\"28b5004\" data-element_type=\"widget\" data-widget_type=\"text-editor.default\">\n\t\t\t\t<div class=\"elementor-widget-container\">\n\t\t\t\t\t\t\t\t\t<p><strong>Dates selon art. 6 de la loi allemande sur les t\u00e9l\u00e9services (Teledienstegesetz)<\/strong><\/p><div align=\"left\"><strong>Lindner &amp; Fischer<\/strong><br>Fahrzeugbau GmbH<br>Riedheimer Str. 34<br>89129 Langenau<\/div><p class=\"normal\" align=\"left\">Tel.: + 49 (0) 73 45 \/ 96 14 &#8211; 0<br>Fax: + 49 (0) 73 45 \/ 96 14 &#8211; 69<br>E-Mail: info[at]lindner-fischer.com<\/p><p align=\"left\">G\u00e9rants : Stefan Lindner et Harald Doll<br>Si\u00e8ge de la soci\u00e9t\u00e9 : Langenau<br>Tribunal d\u2019instance d\u2018Ulm HRB 2021<br>No. d\u2019identification TVA (USt-ID-Nr.) : DE 14 70 32 84 2<br>Responsable pour le site web : Stefan Lindner<\/p><p align=\"left\"><strong>designed by:<\/strong> aXist GbR E. &amp; A. Kosel &#8211; www.axi.st &#8211; E-Mail: mail[at]axi.st <\/p><hr><p align=\"left\"><strong>Droits d\u2018auteur \/ marques :<\/strong><\/p><p align=\"left\">Tous les textes, images, graphiques, repr\u00e9sentations de son, devid\u00e9os et d\u2019images ainsi que leurs dispositions sont l\u00e9galement prot\u00e9g\u00e9s (Copyright \u00a9 Lindner &amp; Fischer Fahrzeugbau GmbH all rights reserved). Il n\u2019est pas permis de copier, diffuser, modifier ou rendre accessible \u00e0 des tiers les contenus du site web sans l\u2019autorisation expresse \u00e9crite de la Lindner &amp; Fischer Fahrzeugbau GmbH. Certaines images pr\u00e9sent\u00e9es sur le site web sont soumises au droit d\u2019auteur de tiers.<strong><br><\/strong><\/p><hr><p><strong>Exclusion de responsabilit\u00e9 :<\/strong><\/p><p>Le contenu de ce site web a \u00e9t\u00e9 \u00e9labor\u00e9 avec le plus grand soin. N\u00e9anmoins, aucune garantie ne peut \u00eatre donn\u00e9e sur l\u2019exactitude, le caract\u00e8re exhaustif et l\u2019actualit\u00e9 des informations diffus\u00e9es. La Lindner &amp; Fischer Fahrzeugbau GmbH prend soin d\u2019assurer la meilleure protection possible contre les utilisations abusives du site web, notamment contre les atteintes par des virus. N\u00e9anmoins, aucune responsabilit\u00e9 ne peut \u00eatre assum\u00e9e en cas de virus.<\/p><p>Lorsque le site web fait mention de propositions tierces d\u2019utilisation de l\u2019internet par un lien, aucune responsabilit\u00e9 ne peut \u00eatre assum\u00e9e quant \u00e0 l\u2019exactitude, au caract\u00e8re exhaustif et \u00e0 l\u2018actualit\u00e9 des informations pr\u00e9sent\u00e9es par ces tiers, ou sur l\u2019absence de virus sur ces sites. La Lindner &amp; Fischer Fahrzeugbau GmbH ne peut pas \u00eatre tenue responsable lorsque le contenu de ces sites est ill\u00e9gal et elle pr\u00e9cise express\u00e9ment ne pas adh\u00e9rer au contenu ill\u00e9gal de ces sites le cas \u00e9ch\u00e9ant.<\/p><p>La Lindner &amp; Fischer Fahrzeugbau GmbH exclut pour elle-m\u00eame toute responsabilit\u00e9 pouvant d\u00e9couler de l\u2019utilisation de son offre d\u2019informations sur internet, sauf en cas de dommages caus\u00e9s par des agissements intentionnels ou d\u2019une imprudence caract\u00e9ris\u00e9e de la part de la Lindner &amp; Fischer Fahrzeugbau GmbH ou de dommages portant atteinte \u00e0 la vie, l\u2019int\u00e9grit\u00e9 physique ou la sant\u00e9.<\/p>\t\t\t\t\t\t\t\t<\/div>\n\t\t\t\t<\/div>\n\t\t\t\t\t<\/div>\n\t\t<\/div>\n\t\t\t\t\t<\/div>\n\t\t<\/section>\n\t\t\t\t<\/div>\n\t\t","protected":false},"excerpt":{"rendered":"<p>Mentions l\u00e9gales Dates selon art. 6 de la loi allemande sur les t\u00e9l\u00e9services (Teledienstegesetz) Lindner &amp; FischerFahrzeugbau GmbHRiedheimer Str. 3489129 Langenau Tel.: + 49 (0) 73 45 \/ 96 14 &#8211; 0Fax: + 49 (0) 73 45 \/ 96 14 &#8211; 69E-Mail: info[at]lindner-fischer.com G\u00e9rants : Stefan Lindner et Harald DollSi\u00e8ge de la soci\u00e9t\u00e9 : LangenauTribunal [&hellip;]<\/p>\n","protected":false},"author":1,"featured_media":0,"parent":0,"menu_order":0,"comment_status":"closed","ping_status":"closed","template":"","meta":{"_acf_changed":false,"footnotes":""},"class_list":["post-1286","page","type-page","status-publish","hentry","wpautop"],"acf":[],"yoast_head":"<!-- This site is optimized with the Yoast SEO plugin v25.7 - https:\/\/yoast.com\/wordpress\/plugins\/seo\/ -->\n<title>Mentions l\u00e9gales | Lindner Fischer<\/title>\n<meta name=\"robots\" content=\"index, follow, max-snippet:-1, max-image-preview:large, max-video-preview:-1\" \/>\n<link rel=\"canonical\" href=\"https:\/\/lindner-fischer.com\/fr\/imprimer\/\" \/>\n<meta property=\"og:locale\" content=\"fr_FR\" \/>\n<meta property=\"og:type\" content=\"article\" \/>\n<meta property=\"og:title\" content=\"Mentions l\u00e9gales | Lindner Fischer\" \/>\n<meta property=\"og:description\" content=\"Mentions l\u00e9gales Dates selon art. 6 de la loi allemande sur les t\u00e9l\u00e9services (Teledienstegesetz) Lindner &amp; FischerFahrzeugbau GmbHRiedheimer Str. 3489129 Langenau Tel.: + 49 (0) 73 45 \/ 96 14 &#8211; 0Fax: + 49 (0) 73 45 \/ 96 14 &#8211; 69E-Mail: info[at]lindner-fischer.com G\u00e9rants : Stefan Lindner et Harald DollSi\u00e8ge de la soci\u00e9t\u00e9 : LangenauTribunal [&hellip;]\" \/>\n<meta property=\"og:url\" content=\"https:\/\/lindner-fischer.com\/fr\/imprimer\/\" \/>\n<meta property=\"og:site_name\" content=\"Lindner Fischer\" \/>\n<meta property=\"article:modified_time\" content=\"2022-04-06T10:28:57+00:00\" \/>\n<meta name=\"twitter:card\" content=\"summary_large_image\" \/>\n<meta name=\"twitter:label1\" content=\"Dur\u00e9e de lecture estim\u00e9e\" \/>\n\t<meta name=\"twitter:data1\" content=\"2 minutes\" \/>\n<script type=\"application\/ld+json\" class=\"yoast-schema-graph\">{\"@context\":\"https:\/\/schema.org\",\"@graph\":[{\"@type\":\"WebPage\",\"@id\":\"https:\/\/lindner-fischer.com\/fr\/imprimer\/\",\"url\":\"https:\/\/lindner-fischer.com\/fr\/imprimer\/\",\"name\":\"Mentions l\u00e9gales | Lindner Fischer\",\"isPartOf\":{\"@id\":\"https:\/\/lindner-fischer.com\/fr\/#website\"},\"datePublished\":\"2020-10-25T12:12:59+00:00\",\"dateModified\":\"2022-04-06T10:28:57+00:00\",\"breadcrumb\":{\"@id\":\"https:\/\/lindner-fischer.com\/fr\/imprimer\/#breadcrumb\"},\"inLanguage\":\"fr-FR\",\"potentialAction\":[{\"@type\":\"ReadAction\",\"target\":[\"https:\/\/lindner-fischer.com\/fr\/imprimer\/\"]}]},{\"@type\":\"BreadcrumbList\",\"@id\":\"https:\/\/lindner-fischer.com\/fr\/imprimer\/#breadcrumb\",\"itemListElement\":[{\"@type\":\"ListItem\",\"position\":1,\"name\":\"Startseite\",\"item\":\"https:\/\/lindner-fischer.com\/fr\/\"},{\"@type\":\"ListItem\",\"position\":2,\"name\":\"Mentions l\u00e9gales\"}]},{\"@type\":\"WebSite\",\"@id\":\"https:\/\/lindner-fischer.com\/fr\/#website\",\"url\":\"https:\/\/lindner-fischer.com\/fr\/\",\"name\":\"Lindner Fischer\",\"description\":\"\",\"publisher\":{\"@id\":\"https:\/\/lindner-fischer.com\/fr\/#organization\"},\"potentialAction\":[{\"@type\":\"SearchAction\",\"target\":{\"@type\":\"EntryPoint\",\"urlTemplate\":\"https:\/\/lindner-fischer.com\/fr\/?s={search_term_string}\"},\"query-input\":{\"@type\":\"PropertyValueSpecification\",\"valueRequired\":true,\"valueName\":\"search_term_string\"}}],\"inLanguage\":\"fr-FR\"},{\"@type\":\"Organization\",\"@id\":\"https:\/\/lindner-fischer.com\/fr\/#organization\",\"name\":\"Lindner Fischer\",\"url\":\"https:\/\/lindner-fischer.com\/fr\/\",\"logo\":{\"@type\":\"ImageObject\",\"inLanguage\":\"fr-FR\",\"@id\":\"https:\/\/lindner-fischer.com\/fr\/#\/schema\/logo\/image\/\",\"url\":\"https:\/\/lindner-fischer.com\/wp-content\/uploads\/2020\/10\/Red.svg\",\"contentUrl\":\"https:\/\/lindner-fischer.com\/wp-content\/uploads\/2020\/10\/Red.svg\",\"width\":1001,\"height\":312,\"caption\":\"Lindner Fischer\"},\"image\":{\"@id\":\"https:\/\/lindner-fischer.com\/fr\/#\/schema\/logo\/image\/\"}}]}<\/script>\n<!-- \/ Yoast SEO plugin. -->","yoast_head_json":{"title":"Mentions l\u00e9gales | Lindner Fischer","robots":{"index":"index","follow":"follow","max-snippet":"max-snippet:-1","max-image-preview":"max-image-preview:large","max-video-preview":"max-video-preview:-1"},"canonical":"https:\/\/lindner-fischer.com\/fr\/imprimer\/","og_locale":"fr_FR","og_type":"article","og_title":"Mentions l\u00e9gales | Lindner Fischer","og_description":"Mentions l\u00e9gales Dates selon art. 6 de la loi allemande sur les t\u00e9l\u00e9services (Teledienstegesetz) Lindner &amp; FischerFahrzeugbau GmbHRiedheimer Str. 3489129 Langenau Tel.: + 49 (0) 73 45 \/ 96 14 &#8211; 0Fax: + 49 (0) 73 45 \/ 96 14 &#8211; 69E-Mail: info[at]lindner-fischer.com G\u00e9rants : Stefan Lindner et Harald DollSi\u00e8ge de la soci\u00e9t\u00e9 : LangenauTribunal [&hellip;]","og_url":"https:\/\/lindner-fischer.com\/fr\/imprimer\/","og_site_name":"Lindner Fischer","article_modified_time":"2022-04-06T10:28:57+00:00","twitter_card":"summary_large_image","twitter_misc":{"Dur\u00e9e de lecture estim\u00e9e":"2 minutes"},"schema":{"@context":"https:\/\/schema.org","@graph":[{"@type":"WebPage","@id":"https:\/\/lindner-fischer.com\/fr\/imprimer\/","url":"https:\/\/lindner-fischer.com\/fr\/imprimer\/","name":"Mentions l\u00e9gales | Lindner Fischer","isPartOf":{"@id":"https:\/\/lindner-fischer.com\/fr\/#website"},"datePublished":"2020-10-25T12:12:59+00:00","dateModified":"2022-04-06T10:28:57+00:00","breadcrumb":{"@id":"https:\/\/lindner-fischer.com\/fr\/imprimer\/#breadcrumb"},"inLanguage":"fr-FR","potentialAction":[{"@type":"ReadAction","target":["https:\/\/lindner-fischer.com\/fr\/imprimer\/"]}]},{"@type":"BreadcrumbList","@id":"https:\/\/lindner-fischer.com\/fr\/imprimer\/#breadcrumb","itemListElement":[{"@type":"ListItem","position":1,"name":"Startseite","item":"https:\/\/lindner-fischer.com\/fr\/"},{"@type":"ListItem","position":2,"name":"Mentions l\u00e9gales"}]},{"@type":"WebSite","@id":"https:\/\/lindner-fischer.com\/fr\/#website","url":"https:\/\/lindner-fischer.com\/fr\/","name":"Lindner Fischer","description":"","publisher":{"@id":"https:\/\/lindner-fischer.com\/fr\/#organization"},"potentialAction":[{"@type":"SearchAction","target":{"@type":"EntryPoint","urlTemplate":"https:\/\/lindner-fischer.com\/fr\/?s={search_term_string}"},"query-input":{"@type":"PropertyValueSpecification","valueRequired":true,"valueName":"search_term_string"}}],"inLanguage":"fr-FR"},{"@type":"Organization","@id":"https:\/\/lindner-fischer.com\/fr\/#organization","name":"Lindner Fischer","url":"https:\/\/lindner-fischer.com\/fr\/","logo":{"@type":"ImageObject","inLanguage":"fr-FR","@id":"https:\/\/lindner-fischer.com\/fr\/#\/schema\/logo\/image\/","url":"https:\/\/lindner-fischer.com\/wp-content\/uploads\/2020\/10\/Red.svg","contentUrl":"https:\/\/lindner-fischer.com\/wp-content\/uploads\/2020\/10\/Red.svg","width":1001,"height":312,"caption":"Lindner Fischer"},"image":{"@id":"https:\/\/lindner-fischer.com\/fr\/#\/schema\/logo\/image\/"}}]}},"_links":{"self":[{"href":"https:\/\/lindner-fischer.com\/fr\/wp-json\/wp\/v2\/pages\/1286","targetHints":{"allow":["GET"]}}],"collection":[{"href":"https:\/\/lindner-fischer.com\/fr\/wp-json\/wp\/v2\/pages"}],"about":[{"href":"https:\/\/lindner-fischer.com\/fr\/wp-json\/wp\/v2\/types\/page"}],"author":[{"embeddable":true,"href":"https:\/\/lindner-fischer.com\/fr\/wp-json\/wp\/v2\/users\/1"}],"replies":[{"embeddable":true,"href":"https:\/\/lindner-fischer.com\/fr\/wp-json\/wp\/v2\/comments?post=1286"}],"version-history":[{"count":4,"href":"https:\/\/lindner-fischer.com\/fr\/wp-json\/wp\/v2\/pages\/1286\/revisions"}],"predecessor-version":[{"id":3484,"href":"https:\/\/lindner-fischer.com\/fr\/wp-json\/wp\/v2\/pages\/1286\/revisions\/3484"}],"wp:attachment":[{"href":"https:\/\/lindner-fischer.com\/fr\/wp-json\/wp\/v2\/media?parent=1286"}],"curies":[{"name":"wp","href":"https:\/\/api.w.org\/{rel}","templated":true}]}}