{"id":3490,"date":"2022-04-06T12:36:54","date_gmt":"2022-04-06T10:36:54","guid":{"rendered":"https:\/\/dev.lindner-fischer.com\/contact\/langenau\/"},"modified":"2025-09-02T12:05:43","modified_gmt":"2025-09-02T10:05:43","slug":"langenau","status":"publish","type":"page","link":"https:\/\/lindner-fischer.com\/fr\/contact\/langenau\/","title":{"rendered":"Langenau"},"content":{"rendered":"\t\t<div data-elementor-type=\"wp-page\" data-elementor-id=\"3490\" class=\"elementor elementor-3490 elementor-2505\" data-elementor-post-type=\"page\">\n\t\t\t\t\t\t<section class=\"elementor-section elementor-top-section elementor-element elementor-element-98d6a23 elementor-section-boxed elementor-section-height-default elementor-section-height-default\" data-id=\"98d6a23\" data-element_type=\"section\">\n\t\t\t\t\t\t<div class=\"elementor-container elementor-column-gap-default\">\n\t\t\t\t\t<div class=\"elementor-column elementor-col-100 elementor-top-column elementor-element elementor-element-a20d786\" data-id=\"a20d786\" data-element_type=\"column\">\n\t\t\t<div class=\"elementor-widget-wrap\">\n\t\t\t\t\t\t\t<\/div>\n\t\t<\/div>\n\t\t\t\t\t<\/div>\n\t\t<\/section>\n\t\t\t\t<section class=\"elementor-section elementor-top-section elementor-element elementor-element-78a4357 elementor-section-boxed elementor-section-height-default elementor-section-height-default\" data-id=\"78a4357\" data-element_type=\"section\">\n\t\t\t\t\t\t<div class=\"elementor-container elementor-column-gap-default\">\n\t\t\t\t\t<div class=\"elementor-column elementor-col-100 elementor-top-column elementor-element elementor-element-8d1cf1b\" data-id=\"8d1cf1b\" data-element_type=\"column\">\n\t\t\t<div class=\"elementor-widget-wrap elementor-element-populated\">\n\t\t\t\t\t\t<div class=\"elementor-element elementor-element-5b3c368 dark-bg-bright-font elementor-widget elementor-widget-heading\" data-id=\"5b3c368\" data-element_type=\"widget\" data-widget_type=\"heading.default\">\n\t\t\t\t<div class=\"elementor-widget-container\">\n\t\t\t\t\t<h1 class=\"elementor-heading-title elementor-size-large\">SUCCURSALE \u00c0 LANGENAU<\/h1>\t\t\t\t<\/div>\n\t\t\t\t<\/div>\n\t\t\t\t<section class=\"elementor-section elementor-inner-section elementor-element elementor-element-9c17324 elementor-section-boxed elementor-section-height-default elementor-section-height-default\" data-id=\"9c17324\" data-element_type=\"section\">\n\t\t\t\t\t\t<div class=\"elementor-container elementor-column-gap-default\">\n\t\t\t\t\t<div class=\"elementor-column elementor-col-50 elementor-inner-column elementor-element elementor-element-5d1ad6c\" data-id=\"5d1ad6c\" data-element_type=\"column\">\n\t\t\t<div class=\"elementor-widget-wrap elementor-element-populated\">\n\t\t\t\t\t\t<div class=\"elementor-element elementor-element-e706f4d elementor-widget elementor-widget-text-editor\" data-id=\"e706f4d\" data-element_type=\"widget\" data-widget_type=\"text-editor.default\">\n\t\t\t\t<div class=\"elementor-widget-container\">\n\t\t\t\t\t\t\t\t\t<p><strong>Lindner &amp; Fischer Fahrzeugbau GmbH<\/strong><br \/>Riedheimer Str. 34<br \/>89129 Langenau<\/p><p>T\u00e9l.: +49 7345 \/ 9614 \u2013 0 <br \/>Fax: +49 7345 \/ 9614 \u2013 69 <br \/>E-Mail: <a href=\"mailto:info@lindner-fischer.com\">info@lindner-fischer.com<\/a><\/p><p><b><span style=\"font-style: normal;\">Hor<\/span><span style=\"font-style: normal;\">aires<\/span> <span style=\"font-style: normal;\">d\u2018ouverture<\/span>:<\/b><br \/><span style=\"font-style: normal; font-weight: 400;\">Lundi \u00e0 jeudi : 07h00 \u00e0 15h45<\/span><br \/><span style=\"font-style: normal; font-weight: 400;\">Vendredi : 07h00 \u00e0 12h15<\/span><\/p>\t\t\t\t\t\t\t\t<\/div>\n\t\t\t\t<\/div>\n\t\t\t\t<div class=\"elementor-element elementor-element-bdc1140 elementor-widget elementor-widget-text-editor\" data-id=\"bdc1140\" data-element_type=\"widget\" data-widget_type=\"text-editor.default\">\n\t\t\t\t<div class=\"elementor-widget-container\">\n\t\t\t\t\t\t\t\t\t<p><strong>Stefan Lindner<\/strong><br><strong>G\u00e9rant d\u2018affaires<\/strong><\/p>\t\t\t\t\t\t\t\t<\/div>\n\t\t\t\t<\/div>\n\t\t\t\t<div class=\"elementor-element elementor-element-b4903cb elementor-widget elementor-widget-text-editor\" data-id=\"b4903cb\" data-element_type=\"widget\" data-widget_type=\"text-editor.default\">\n\t\t\t\t<div class=\"elementor-widget-container\">\n\t\t\t\t\t\t\t\t\t<p><strong>Harald Doll<\/strong><br><strong>G\u00e9rant d\u2018affaires<\/strong><\/p>\t\t\t\t\t\t\t\t<\/div>\n\t\t\t\t<\/div>\n\t\t\t\t<div class=\"elementor-element elementor-element-9e2d57d elementor-widget elementor-widget-text-editor\" data-id=\"9e2d57d\" data-element_type=\"widget\" data-widget_type=\"text-editor.default\">\n\t\t\t\t<div class=\"elementor-widget-container\">\n\t\t\t\t\t\t\t\t\t<p>Si\u00e8ge social de Lindner &amp; Fischer Fahrzeugbau GmbH<\/p>\t\t\t\t\t\t\t\t<\/div>\n\t\t\t\t<\/div>\n\t\t\t\t\t<\/div>\n\t\t<\/div>\n\t\t\t\t<div class=\"elementor-column elementor-col-50 elementor-inner-column elementor-element elementor-element-b585488\" data-id=\"b585488\" data-element_type=\"column\">\n\t\t\t<div class=\"elementor-widget-wrap elementor-element-populated\">\n\t\t\t\t\t\t<div class=\"elementor-element elementor-element-d79f556 elementor-widget elementor-widget-google_maps\" data-id=\"d79f556\" data-element_type=\"widget\" data-widget_type=\"google_maps.default\">\n\t\t\t\t<div class=\"elementor-widget-container\">\n\t\t\t\t\t\t\t<div class=\"elementor-custom-embed\">\n\t\t\t<div class=\"BorlabsCookie _brlbs-cb-googlemaps\"><div class=\"_brlbs-content-blocker\"> <div class=\"_brlbs-embed _brlbs-google-maps\"> <img decoding=\"async\" class=\"_brlbs-thumbnail\" src=\"https:\/\/lindner-fischer.com\/wp-content\/plugins\/borlabs-cookie\/assets\/images\/cb-maps.png\" alt=\"Google Maps\"> <div class=\"_brlbs-caption\"> <p>Mit dem Laden der Karte akzeptieren Sie die Datenschutzerkl\u00e4rung von Google.<br><a href=\"https:\/\/policies.google.com\/privacy\" target=\"_blank\" rel=\"nofollow noopener noreferrer\">Mehr erfahren<\/a><\/p> <p><a class=\"_brlbs-btn\" href=\"#\" data-borlabs-cookie-unblock role=\"button\">Karte laden<\/a><\/p> <p><label><input type=\"checkbox\" name=\"unblockAll\" value=\"1\" checked> <small>Google Maps immer entsperren<\/small><\/label><\/p> <\/div> <\/div> <\/div><div class=\"borlabs-hide\" data-borlabs-cookie-type=\"content-blocker\" data-borlabs-cookie-id=\"googlemaps\"><script type=\"text\/template\">PGlmcmFtZSBsb2FkaW5nPSJsYXp5IgoJCQkJCXNyYz0iaHR0cHM6Ly9tYXBzLmdvb2dsZS5jb20vbWFwcz9xPTg5MTI5JTIwTGFuZ25hdSUyQyUyMFJpZWRoZWltZXIlMjBTdHJhJUMzJTlGZSUyMDM0JiMwMzg7dD1tJiMwMzg7ej0xNSYjMDM4O291dHB1dD1lbWJlZCYjMDM4O2l3bG9jPW5lYXIiCgkJCQkJdGl0bGU9Ijg5MTI5IExhbmduYXUsIFJpZWRoZWltZXIgU3RyYcOfZSAzNCIKCQkJCQlhcmlhLWxhYmVsPSI4OTEyOSBMYW5nbmF1LCBSaWVkaGVpbWVyIFN0cmHDn2UgMzQiCgkJCT48L2lmcmFtZT4=<\/script><\/div><\/div>\n\t\t<\/div>\n\t\t\t\t\t\t<\/div>\n\t\t\t\t<\/div>\n\t\t\t\t\t<\/div>\n\t\t<\/div>\n\t\t\t\t\t<\/div>\n\t\t<\/section>\n\t\t\t\t\t<\/div>\n\t\t<\/div>\n\t\t\t\t\t<\/div>\n\t\t<\/section>\n\t\t\t\t<\/div>\n\t\t","protected":false},"excerpt":{"rendered":"<p>SUCCURSALE \u00c0 LANGENAU Lindner &amp; Fischer Fahrzeugbau GmbHRiedheimer Str. 3489129 Langenau T\u00e9l.: +49 7345 \/ 9614 \u2013 0 Fax: +49 7345 \/ 9614 \u2013 69 E-Mail: info@lindner-fischer.com Horaires d\u2018ouverture:Lundi \u00e0 jeudi : 07h00 \u00e0 15h45Vendredi : 07h00 \u00e0 12h15 Stefan LindnerG\u00e9rant d\u2018affaires Harald DollG\u00e9rant d\u2018affaires Si\u00e8ge social de Lindner &amp; Fischer Fahrzeugbau GmbH Mit dem [&hellip;]<\/p>\n","protected":false},"author":1,"featured_media":0,"parent":1294,"menu_order":0,"comment_status":"closed","ping_status":"closed","template":"","meta":{"_acf_changed":false,"footnotes":""},"class_list":["post-3490","page","type-page","status-publish","hentry","wpautop"],"acf":[],"yoast_head":"<!-- This site is optimized with the Yoast SEO plugin v25.7 - https:\/\/yoast.com\/wordpress\/plugins\/seo\/ -->\n<title>Langenau | Lindner Fischer<\/title>\n<meta name=\"robots\" content=\"index, follow, max-snippet:-1, max-image-preview:large, max-video-preview:-1\" \/>\n<link rel=\"canonical\" href=\"https:\/\/lindner-fischer.com\/fr\/contact\/langenau\/\" \/>\n<meta property=\"og:locale\" content=\"fr_FR\" \/>\n<meta property=\"og:type\" content=\"article\" \/>\n<meta property=\"og:title\" content=\"Langenau | Lindner Fischer\" \/>\n<meta property=\"og:description\" content=\"SUCCURSALE \u00c0 LANGENAU Lindner &amp; Fischer Fahrzeugbau GmbHRiedheimer Str. 3489129 Langenau T\u00e9l.: +49 7345 \/ 9614 \u2013 0 Fax: +49 7345 \/ 9614 \u2013 69 E-Mail: info@lindner-fischer.com Horaires d\u2018ouverture:Lundi \u00e0 jeudi : 07h00 \u00e0 15h45Vendredi : 07h00 \u00e0 12h15 Stefan LindnerG\u00e9rant d\u2018affaires Harald DollG\u00e9rant d\u2018affaires Si\u00e8ge social de Lindner &amp; Fischer Fahrzeugbau GmbH Mit dem [&hellip;]\" \/>\n<meta property=\"og:url\" content=\"https:\/\/lindner-fischer.com\/fr\/contact\/langenau\/\" \/>\n<meta property=\"og:site_name\" content=\"Lindner Fischer\" \/>\n<meta property=\"article:modified_time\" content=\"2025-09-02T10:05:43+00:00\" \/>\n<meta name=\"twitter:card\" content=\"summary_large_image\" \/>\n<script type=\"application\/ld+json\" class=\"yoast-schema-graph\">{\"@context\":\"https:\/\/schema.org\",\"@graph\":[{\"@type\":\"WebPage\",\"@id\":\"https:\/\/lindner-fischer.com\/fr\/contact\/langenau\/\",\"url\":\"https:\/\/lindner-fischer.com\/fr\/contact\/langenau\/\",\"name\":\"Langenau | Lindner Fischer\",\"isPartOf\":{\"@id\":\"https:\/\/lindner-fischer.com\/fr\/#website\"},\"datePublished\":\"2022-04-06T10:36:54+00:00\",\"dateModified\":\"2025-09-02T10:05:43+00:00\",\"breadcrumb\":{\"@id\":\"https:\/\/lindner-fischer.com\/fr\/contact\/langenau\/#breadcrumb\"},\"inLanguage\":\"fr-FR\",\"potentialAction\":[{\"@type\":\"ReadAction\",\"target\":[\"https:\/\/lindner-fischer.com\/fr\/contact\/langenau\/\"]}]},{\"@type\":\"BreadcrumbList\",\"@id\":\"https:\/\/lindner-fischer.com\/fr\/contact\/langenau\/#breadcrumb\",\"itemListElement\":[{\"@type\":\"ListItem\",\"position\":1,\"name\":\"Startseite\",\"item\":\"https:\/\/lindner-fischer.com\/fr\/\"},{\"@type\":\"ListItem\",\"position\":2,\"name\":\"Contact\",\"item\":\"https:\/\/lindner-fischer.com\/fr\/contact\/\"},{\"@type\":\"ListItem\",\"position\":3,\"name\":\"Langenau\"}]},{\"@type\":\"WebSite\",\"@id\":\"https:\/\/lindner-fischer.com\/fr\/#website\",\"url\":\"https:\/\/lindner-fischer.com\/fr\/\",\"name\":\"Lindner Fischer\",\"description\":\"\",\"publisher\":{\"@id\":\"https:\/\/lindner-fischer.com\/fr\/#organization\"},\"potentialAction\":[{\"@type\":\"SearchAction\",\"target\":{\"@type\":\"EntryPoint\",\"urlTemplate\":\"https:\/\/lindner-fischer.com\/fr\/?s={search_term_string}\"},\"query-input\":{\"@type\":\"PropertyValueSpecification\",\"valueRequired\":true,\"valueName\":\"search_term_string\"}}],\"inLanguage\":\"fr-FR\"},{\"@type\":\"Organization\",\"@id\":\"https:\/\/lindner-fischer.com\/fr\/#organization\",\"name\":\"Lindner Fischer\",\"url\":\"https:\/\/lindner-fischer.com\/fr\/\",\"logo\":{\"@type\":\"ImageObject\",\"inLanguage\":\"fr-FR\",\"@id\":\"https:\/\/lindner-fischer.com\/fr\/#\/schema\/logo\/image\/\",\"url\":\"https:\/\/lindner-fischer.com\/wp-content\/uploads\/2020\/10\/Red.svg\",\"contentUrl\":\"https:\/\/lindner-fischer.com\/wp-content\/uploads\/2020\/10\/Red.svg\",\"width\":1001,\"height\":312,\"caption\":\"Lindner Fischer\"},\"image\":{\"@id\":\"https:\/\/lindner-fischer.com\/fr\/#\/schema\/logo\/image\/\"}}]}<\/script>\n<!-- \/ Yoast SEO plugin. -->","yoast_head_json":{"title":"Langenau | Lindner Fischer","robots":{"index":"index","follow":"follow","max-snippet":"max-snippet:-1","max-image-preview":"max-image-preview:large","max-video-preview":"max-video-preview:-1"},"canonical":"https:\/\/lindner-fischer.com\/fr\/contact\/langenau\/","og_locale":"fr_FR","og_type":"article","og_title":"Langenau | Lindner Fischer","og_description":"SUCCURSALE \u00c0 LANGENAU Lindner &amp; Fischer Fahrzeugbau GmbHRiedheimer Str. 3489129 Langenau T\u00e9l.: +49 7345 \/ 9614 \u2013 0 Fax: +49 7345 \/ 9614 \u2013 69 E-Mail: info@lindner-fischer.com Horaires d\u2018ouverture:Lundi \u00e0 jeudi : 07h00 \u00e0 15h45Vendredi : 07h00 \u00e0 12h15 Stefan LindnerG\u00e9rant d\u2018affaires Harald DollG\u00e9rant d\u2018affaires Si\u00e8ge social de Lindner &amp; Fischer Fahrzeugbau GmbH Mit dem [&hellip;]","og_url":"https:\/\/lindner-fischer.com\/fr\/contact\/langenau\/","og_site_name":"Lindner Fischer","article_modified_time":"2025-09-02T10:05:43+00:00","twitter_card":"summary_large_image","schema":{"@context":"https:\/\/schema.org","@graph":[{"@type":"WebPage","@id":"https:\/\/lindner-fischer.com\/fr\/contact\/langenau\/","url":"https:\/\/lindner-fischer.com\/fr\/contact\/langenau\/","name":"Langenau | Lindner Fischer","isPartOf":{"@id":"https:\/\/lindner-fischer.com\/fr\/#website"},"datePublished":"2022-04-06T10:36:54+00:00","dateModified":"2025-09-02T10:05:43+00:00","breadcrumb":{"@id":"https:\/\/lindner-fischer.com\/fr\/contact\/langenau\/#breadcrumb"},"inLanguage":"fr-FR","potentialAction":[{"@type":"ReadAction","target":["https:\/\/lindner-fischer.com\/fr\/contact\/langenau\/"]}]},{"@type":"BreadcrumbList","@id":"https:\/\/lindner-fischer.com\/fr\/contact\/langenau\/#breadcrumb","itemListElement":[{"@type":"ListItem","position":1,"name":"Startseite","item":"https:\/\/lindner-fischer.com\/fr\/"},{"@type":"ListItem","position":2,"name":"Contact","item":"https:\/\/lindner-fischer.com\/fr\/contact\/"},{"@type":"ListItem","position":3,"name":"Langenau"}]},{"@type":"WebSite","@id":"https:\/\/lindner-fischer.com\/fr\/#website","url":"https:\/\/lindner-fischer.com\/fr\/","name":"Lindner Fischer","description":"","publisher":{"@id":"https:\/\/lindner-fischer.com\/fr\/#organization"},"potentialAction":[{"@type":"SearchAction","target":{"@type":"EntryPoint","urlTemplate":"https:\/\/lindner-fischer.com\/fr\/?s={search_term_string}"},"query-input":{"@type":"PropertyValueSpecification","valueRequired":true,"valueName":"search_term_string"}}],"inLanguage":"fr-FR"},{"@type":"Organization","@id":"https:\/\/lindner-fischer.com\/fr\/#organization","name":"Lindner Fischer","url":"https:\/\/lindner-fischer.com\/fr\/","logo":{"@type":"ImageObject","inLanguage":"fr-FR","@id":"https:\/\/lindner-fischer.com\/fr\/#\/schema\/logo\/image\/","url":"https:\/\/lindner-fischer.com\/wp-content\/uploads\/2020\/10\/Red.svg","contentUrl":"https:\/\/lindner-fischer.com\/wp-content\/uploads\/2020\/10\/Red.svg","width":1001,"height":312,"caption":"Lindner Fischer"},"image":{"@id":"https:\/\/lindner-fischer.com\/fr\/#\/schema\/logo\/image\/"}}]}},"_links":{"self":[{"href":"https:\/\/lindner-fischer.com\/fr\/wp-json\/wp\/v2\/pages\/3490","targetHints":{"allow":["GET"]}}],"collection":[{"href":"https:\/\/lindner-fischer.com\/fr\/wp-json\/wp\/v2\/pages"}],"about":[{"href":"https:\/\/lindner-fischer.com\/fr\/wp-json\/wp\/v2\/types\/page"}],"author":[{"embeddable":true,"href":"https:\/\/lindner-fischer.com\/fr\/wp-json\/wp\/v2\/users\/1"}],"replies":[{"embeddable":true,"href":"https:\/\/lindner-fischer.com\/fr\/wp-json\/wp\/v2\/comments?post=3490"}],"version-history":[{"count":10,"href":"https:\/\/lindner-fischer.com\/fr\/wp-json\/wp\/v2\/pages\/3490\/revisions"}],"predecessor-version":[{"id":8660,"href":"https:\/\/lindner-fischer.com\/fr\/wp-json\/wp\/v2\/pages\/3490\/revisions\/8660"}],"up":[{"embeddable":true,"href":"https:\/\/lindner-fischer.com\/fr\/wp-json\/wp\/v2\/pages\/1294"}],"wp:attachment":[{"href":"https:\/\/lindner-fischer.com\/fr\/wp-json\/wp\/v2\/media?parent=3490"}],"curies":[{"name":"wp","href":"https:\/\/api.w.org\/{rel}","templated":true}]}}